{"id":316,"date":"2023-12-08T19:38:00","date_gmt":"2023-12-08T19:38:00","guid":{"rendered":"https:\/\/zenkallimarket.com\/wishlist\/"},"modified":"2023-12-08T19:38:00","modified_gmt":"2023-12-08T19:38:00","slug":"wishlist","status":"publish","type":"page","link":"https:\/\/zenkallimarket.com\/es\/wishlist\/","title":{"rendered":"Wishlist"},"content":{"rendered":"<form\n\tid=\"yith-wcwl-form\"\n\taction=\"https:\/\/zenkallimarket.com\/es\/wishlist\/\"\n\tmethod=\"post\"\n\tclass=\"woocommerce yith-wcwl-form wishlist-fragment\"\n\tdata-fragment-options=\"{&quot;per_page&quot;:5,&quot;current_page&quot;:1,&quot;pagination&quot;:&quot;no&quot;,&quot;wishlist_id&quot;:false,&quot;action_params&quot;:false,&quot;no_interactions&quot;:false,&quot;layout&quot;:&quot;&quot;,&quot;wishlist&quot;:false,&quot;is_default&quot;:true,&quot;is_custom_list&quot;:false,&quot;wishlist_token&quot;:&quot;&quot;,&quot;is_private&quot;:false,&quot;count&quot;:0,&quot;page_title&quot;:&quot;My wishlist&quot;,&quot;default_wishlsit_title&quot;:&quot;My wishlist&quot;,&quot;page_links&quot;:false,&quot;is_user_logged_in&quot;:false,&quot;is_user_owner&quot;:true,&quot;can_user_edit_title&quot;:false,&quot;show_price&quot;:true,&quot;show_dateadded&quot;:false,&quot;show_stock_status&quot;:true,&quot;show_add_to_cart&quot;:true,&quot;show_remove_product&quot;:true,&quot;add_to_cart_text&quot;:&quot;Add to cart&quot;,&quot;show_ask_estimate_button&quot;:false,&quot;ask_estimate_url&quot;:&quot;&quot;,&quot;price_excl_tax&quot;:false,&quot;show_cb&quot;:false,&quot;show_quantity&quot;:false,&quot;show_variation&quot;:false,&quot;show_price_variations&quot;:false,&quot;show_update&quot;:false,&quot;enable_drag_n_drop&quot;:false,&quot;enable_add_all_to_cart&quot;:false,&quot;move_to_another_wishlist&quot;:false,&quot;repeat_remove_button&quot;:false,&quot;show_last_column&quot;:true,&quot;heading_icon&quot;:&quot;&lt;svg id=\\&quot;yith-wcwl-icon-heart-outline\\&quot; class=\\&quot;yith-wcwl-icon-svg\\&quot; fill=\\&quot;none\\&quot; stroke-width=\\&quot;1.5\\&quot; stroke=\\&quot;currentColor\\&quot; viewBox=\\&quot;0 0 24 24\\&quot; xmlns=\\&quot;http:\\\/\\\/www.w3.org\\\/2000\\\/svg\\&quot;&gt;\\n  &lt;path stroke-linecap=\\&quot;round\\&quot; stroke-linejoin=\\&quot;round\\&quot; d=\\&quot;M21 8.25c0-2.485-2.099-4.5-4.688-4.5-1.935 0-3.597 1.126-4.312 2.733-.715-1.607-2.377-2.733-4.313-2.733C5.1 3.75 3 5.765 3 8.25c0 7.22 9 12 9 12s9-4.78 9-12Z\\&quot;&gt;&lt;\\\/path&gt;\\n&lt;\\\/svg&gt;&quot;,&quot;share_enabled&quot;:false,&quot;template_part&quot;:&quot;view&quot;,&quot;additional_info&quot;:false,&quot;available_multi_wishlist&quot;:false,&quot;form_action&quot;:&quot;https:\\\/\\\/zenkallimarket.com\\\/es\\\/wishlist\\\/&quot;,&quot;item&quot;:&quot;wishlist&quot;}\" data-trp-original-action=\"https:\/\/zenkallimarket.com\/es\/wishlist\/\"\n>\n\n\t<!-- TITLE -->\n\t\t\t<div class=\"wishlist-title-container\">\n\t\t\t<div class=\"wishlist-title\">\n\t\t\t\t<h2>My wishlist<\/h2>\t\t\t\t\t\t\t<\/div>\n\t\t\t\t\t<\/div>\n\t\t\n\n<!-- WISHLIST TABLE -->\n<table\n\tclass=\"shop_table cart wishlist_table wishlist_view traditional responsive\"\n\tdata-pagination=\"no\" data-per-page=\"5\" data-page=\"1\"\n\tdata-id=\"\" data-token=\"\">\n\n\t\n\t<thead>\n\t<tr>\n\t\t\n\t\t\t\t\t\t\t\t<th class=\"product-remove\">\n\t\t\t\t<span class=\"nobr\">\n\t\t\t\t\t\t\t\t\t<\/span>\n\t\t\t<\/th>\n\t\t\n\t\t<th class=\"product-thumbnail\"><\/th>\n\n\t\t<th class=\"product-name\">\n\t\t\t<span class=\"nobr\">\n\t\t\t\tProduct name\t\t\t<\/span>\n\t\t<\/th>\n\n\t\t\t\t\t\t\t\t<th class=\"product-price\">\n\t\t\t\t<span class=\"nobr\">\n\t\t\t\t\tUnit price\t\t\t\t<\/span>\n\t\t\t<\/th>\n\t\t\n\t\t\n\t\t\t\t\t\t\t\t<th class=\"product-stock-status\">\n\t\t\t\t<span class=\"nobr\">\n\t\t\t\t\tStock status\t\t\t\t<\/span>\n\t\t\t<\/th>\n\t\t\n\t\t\t\t\t\t\t\t<th class=\"product-add-to-cart\">\n\t\t\t\t<span class=\"nobr\">\n\t\t\t\t\t\t\t\t\t<\/span>\n\t\t\t<\/th>\n\t\t\n\t\t\t<\/tr>\n\t<\/thead>\n\n\t<tbody class=\"wishlist-items-wrapper\">\n\t\t\t<tr>\n\t\t\t\t\t\t<td colspan=\"6\" class=\"wishlist-empty\">No products added to the wishlist<\/td>\n\t\t<\/tr>\n\t\t\t<\/tbody>\n\n<\/table>\n\n<div class=\"yith_wcwl_wishlist_footer\">\n\t\n\n\t\n\n\t\n\t<\/div>\n\n<input type=\"hidden\" id=\"yith_wcwl_edit_wishlist\" name=\"yith_wcwl_edit_wishlist\" value=\"879ad99628\" \/><input type=\"hidden\" name=\"_wp_http_referer\" value=\"\/es\/wp-json\/wp\/v2\/pages\/316\" \/><input type=\"hidden\" value=\"\" name=\"wishlist_id\" id=\"wishlist_id\">\n\n\n<input type=\"hidden\" name=\"trp-form-language\" value=\"es\"\/><\/form>","protected":false},"excerpt":{"rendered":"","protected":false},"author":1,"featured_media":0,"parent":0,"menu_order":0,"comment_status":"closed","ping_status":"closed","template":"","meta":{"nf_dc_page":"","om_disable_all_campaigns":false,"_monsterinsights_skip_tracking":false,"_monsterinsights_sitenote_active":false,"_monsterinsights_sitenote_note":"","_monsterinsights_sitenote_category":0,"footnotes":""},"class_list":["post-316","page","type-page","status-publish","hentry"],"yoast_head":"<!-- This site is optimized with the Yoast SEO plugin v27.4 - https:\/\/yoast.com\/product\/yoast-seo-wordpress\/ -->\n<title>Wishlist -<\/title>\n<meta name=\"robots\" content=\"index, follow, max-snippet:-1, max-image-preview:large, max-video-preview:-1\" \/>\n<link rel=\"canonical\" href=\"https:\/\/zenkallimarket.com\/es\/wishlist\/\" \/>\n<meta property=\"og:locale\" content=\"es_MX\" \/>\n<meta property=\"og:type\" content=\"article\" \/>\n<meta property=\"og:title\" content=\"Wishlist -\" \/>\n<meta property=\"og:url\" content=\"https:\/\/zenkallimarket.com\/es\/wishlist\/\" \/>\n<meta name=\"twitter:card\" content=\"summary_large_image\" \/>\n<script type=\"application\/ld+json\" class=\"yoast-schema-graph\">{\"@context\":\"https:\\\/\\\/schema.org\",\"@graph\":[{\"@type\":\"WebPage\",\"@id\":\"https:\\\/\\\/zenkallimarket.com\\\/wishlist\\\/\",\"url\":\"https:\\\/\\\/zenkallimarket.com\\\/wishlist\\\/\",\"name\":\"Wishlist -\",\"isPartOf\":{\"@id\":\"http:\\\/\\\/box5865.temp.domains\\\/~zenkalli\\\/#website\"},\"datePublished\":\"2023-12-08T19:38:00+00:00\",\"breadcrumb\":{\"@id\":\"https:\\\/\\\/zenkallimarket.com\\\/wishlist\\\/#breadcrumb\"},\"inLanguage\":\"es\",\"potentialAction\":[{\"@type\":\"ReadAction\",\"target\":[\"https:\\\/\\\/zenkallimarket.com\\\/wishlist\\\/\"]}]},{\"@type\":\"BreadcrumbList\",\"@id\":\"https:\\\/\\\/zenkallimarket.com\\\/wishlist\\\/#breadcrumb\",\"itemListElement\":[{\"@type\":\"ListItem\",\"position\":1,\"name\":\"Home\",\"item\":\"http:\\\/\\\/box5865.temp.domains\\\/~zenkalli\\\/\"},{\"@type\":\"ListItem\",\"position\":2,\"name\":\"Wishlist\"}]},{\"@type\":\"WebSite\",\"@id\":\"http:\\\/\\\/box5865.temp.domains\\\/~zenkalli\\\/#website\",\"url\":\"http:\\\/\\\/box5865.temp.domains\\\/~zenkalli\\\/\",\"name\":\"\",\"description\":\"Click on the button for more information on our Zenkalli Scholarship fund!\",\"publisher\":{\"@id\":\"http:\\\/\\\/box5865.temp.domains\\\/~zenkalli\\\/#\\\/schema\\\/person\\\/94f75443f40b74614098adcef273f1c7\"},\"potentialAction\":[{\"@type\":\"SearchAction\",\"target\":{\"@type\":\"EntryPoint\",\"urlTemplate\":\"http:\\\/\\\/box5865.temp.domains\\\/~zenkalli\\\/?s={search_term_string}\"},\"query-input\":{\"@type\":\"PropertyValueSpecification\",\"valueRequired\":true,\"valueName\":\"search_term_string\"}}],\"inLanguage\":\"es\"},{\"@type\":[\"Person\",\"Organization\"],\"@id\":\"http:\\\/\\\/box5865.temp.domains\\\/~zenkalli\\\/#\\\/schema\\\/person\\\/94f75443f40b74614098adcef273f1c7\",\"name\":\"Tonalmitl Valencia\",\"image\":{\"@type\":\"ImageObject\",\"inLanguage\":\"es\",\"@id\":\"https:\\\/\\\/zenkallimarket.com\\\/wp-content\\\/uploads\\\/2025\\\/01\\\/zenkalli-market-scaled.png\",\"url\":\"https:\\\/\\\/zenkallimarket.com\\\/wp-content\\\/uploads\\\/2025\\\/01\\\/zenkalli-market-scaled.png\",\"contentUrl\":\"https:\\\/\\\/zenkallimarket.com\\\/wp-content\\\/uploads\\\/2025\\\/01\\\/zenkalli-market-scaled.png\",\"width\":2560,\"height\":2560,\"caption\":\"Tonalmitl Valencia\"},\"logo\":{\"@id\":\"https:\\\/\\\/zenkallimarket.com\\\/wp-content\\\/uploads\\\/2025\\\/01\\\/zenkalli-market-scaled.png\"},\"sameAs\":[\"https:\\\/\\\/zenkallimarket.com\",\"https:\\\/\\\/instagram.com\\\/zenkallimarket?igshid=YmMyMTA2M2Y=\",\"https:\\\/\\\/www.youtube.com\\\/@jwitchytv\"]}]}<\/script>\n<!-- \/ Yoast SEO plugin. -->","yoast_head_json":{"title":"Wishlist -","robots":{"index":"index","follow":"follow","max-snippet":"max-snippet:-1","max-image-preview":"max-image-preview:large","max-video-preview":"max-video-preview:-1"},"canonical":"https:\/\/zenkallimarket.com\/es\/wishlist\/","og_locale":"es_MX","og_type":"article","og_title":"Wishlist -","og_url":"https:\/\/zenkallimarket.com\/es\/wishlist\/","twitter_card":"summary_large_image","schema":{"@context":"https:\/\/schema.org","@graph":[{"@type":"WebPage","@id":"https:\/\/zenkallimarket.com\/wishlist\/","url":"https:\/\/zenkallimarket.com\/wishlist\/","name":"Wishlist -","isPartOf":{"@id":"http:\/\/box5865.temp.domains\/~zenkalli\/#website"},"datePublished":"2023-12-08T19:38:00+00:00","breadcrumb":{"@id":"https:\/\/zenkallimarket.com\/wishlist\/#breadcrumb"},"inLanguage":"es","potentialAction":[{"@type":"ReadAction","target":["https:\/\/zenkallimarket.com\/wishlist\/"]}]},{"@type":"BreadcrumbList","@id":"https:\/\/zenkallimarket.com\/wishlist\/#breadcrumb","itemListElement":[{"@type":"ListItem","position":1,"name":"Home","item":"http:\/\/box5865.temp.domains\/~zenkalli\/"},{"@type":"ListItem","position":2,"name":"Wishlist"}]},{"@type":"WebSite","@id":"http:\/\/box5865.temp.domains\/~zenkalli\/#website","url":"http:\/\/box5865.temp.domains\/~zenkalli\/","name":"","description":"\u00a1Haga clic en el bot\u00f3n para obtener m\u00e1s informaci\u00f3n sobre nuestro fondo de becas Zenkalli!","publisher":{"@id":"http:\/\/box5865.temp.domains\/~zenkalli\/#\/schema\/person\/94f75443f40b74614098adcef273f1c7"},"potentialAction":[{"@type":"SearchAction","target":{"@type":"EntryPoint","urlTemplate":"http:\/\/box5865.temp.domains\/~zenkalli\/?s={search_term_string}"},"query-input":{"@type":"PropertyValueSpecification","valueRequired":true,"valueName":"search_term_string"}}],"inLanguage":"es"},{"@type":["Person","Organization"],"@id":"http:\/\/box5865.temp.domains\/~zenkalli\/#\/schema\/person\/94f75443f40b74614098adcef273f1c7","name":"Tonalmitl Valencia","image":{"@type":"ImageObject","inLanguage":"es","@id":"https:\/\/zenkallimarket.com\/wp-content\/uploads\/2025\/01\/zenkalli-market-scaled.png","url":"https:\/\/zenkallimarket.com\/wp-content\/uploads\/2025\/01\/zenkalli-market-scaled.png","contentUrl":"https:\/\/zenkallimarket.com\/wp-content\/uploads\/2025\/01\/zenkalli-market-scaled.png","width":2560,"height":2560,"caption":"Tonalmitl Valencia"},"logo":{"@id":"https:\/\/zenkallimarket.com\/wp-content\/uploads\/2025\/01\/zenkalli-market-scaled.png"},"sameAs":["https:\/\/zenkallimarket.com","https:\/\/instagram.com\/zenkallimarket?igshid=YmMyMTA2M2Y=","https:\/\/www.youtube.com\/@jwitchytv"]}]}},"_links":{"self":[{"href":"https:\/\/zenkallimarket.com\/es\/wp-json\/wp\/v2\/pages\/316","targetHints":{"allow":["GET"]}}],"collection":[{"href":"https:\/\/zenkallimarket.com\/es\/wp-json\/wp\/v2\/pages"}],"about":[{"href":"https:\/\/zenkallimarket.com\/es\/wp-json\/wp\/v2\/types\/page"}],"author":[{"embeddable":true,"href":"https:\/\/zenkallimarket.com\/es\/wp-json\/wp\/v2\/users\/1"}],"replies":[{"embeddable":true,"href":"https:\/\/zenkallimarket.com\/es\/wp-json\/wp\/v2\/comments?post=316"}],"version-history":[{"count":0,"href":"https:\/\/zenkallimarket.com\/es\/wp-json\/wp\/v2\/pages\/316\/revisions"}],"wp:attachment":[{"href":"https:\/\/zenkallimarket.com\/es\/wp-json\/wp\/v2\/media?parent=316"}],"curies":[{"name":"wp","href":"https:\/\/api.w.org\/{rel}","templated":true}]}}