{"id":41,"date":"2022-12-02T22:12:57","date_gmt":"2022-12-02T22:12:57","guid":{"rendered":"http:\/\/box5865.temp.domains\/~zenkalli\/?page_id=41"},"modified":"2023-04-20T18:58:05","modified_gmt":"2023-04-20T18:58:05","slug":"about-us","status":"publish","type":"page","link":"https:\/\/zenkallimarket.com\/es\/about-us\/","title":{"rendered":"About Us"},"content":{"rendered":"<div class=\"wp-block-image\"><figure class=\"aligncenter size-large is-resized\"><img loading=\"lazy\" decoding=\"async\" src=\"https:\/\/zenkallimarket.com\/wp-content\/uploads\/2023\/04\/new-4-768x1024.jpg\" alt=\"\" class=\"wp-image-158\" width=\"398\" height=\"530\" srcset=\"https:\/\/zenkallimarket.com\/wp-content\/uploads\/2023\/04\/new-4-768x1024.jpg 768w, https:\/\/zenkallimarket.com\/wp-content\/uploads\/2023\/04\/new-4-scaled-200x267.jpg 200w, https:\/\/zenkallimarket.com\/wp-content\/uploads\/2023\/04\/new-4-scaled-500x667.jpg 500w, https:\/\/zenkallimarket.com\/wp-content\/uploads\/2023\/04\/new-4-225x300.jpg 225w, https:\/\/zenkallimarket.com\/wp-content\/uploads\/2023\/04\/new-4-1152x1536.jpg 1152w, https:\/\/zenkallimarket.com\/wp-content\/uploads\/2023\/04\/new-4-scaled.jpg 1919w\" sizes=\"auto, (max-width: 398px) 100vw, 398px\" \/><\/figure><\/div><div class=\"wp-block-group is-vertical is-layout-flex wp-container-core-group-is-layout-8cf370e7 wp-block-group-is-layout-flex\"><p>Zenkalli Market started as a hope for community through sharing in an online space. I&#8217;ve always wanted to share my ideas through different avenues, and if someone would have told me I&#8217;d be a content creator when I was younger, I would have probably just laughed in disbelief. Yet, writing in particular has always been one of my dreams. To be like Shakespeare, and live forever through the verses of my writing. At the same time, I have faced writers block for quite some years. Most likely because of my self-esteem and self-worth.  So this is a project I continue to birth, transcend, and rebirth again. It&#8217;s an evolution of my existence and a representation of living through art. Yes, one goal is to be financially stable, but by doing it in a meaningful and healing way that not only can create income for me and my family but also provide my audience with insights, hope, and if possible, offer financial assistance for Indigenous youth  seeking higher education. <\/p>\n\n<p>&#8211;  Tonalmitl Valencia <\/p><\/div>","protected":false},"excerpt":{"rendered":"<p>Zenkalli Market started as a hope for community through sharing in an online space. I&#8217;ve always wanted to share my ideas through different avenues, and if someone would have told me I&#8217;d be a content creator when I was younger, I would have probably just laughed in disbelief. Yet, writing in particular has always been [&hellip;]<\/p>\n","protected":false},"author":1,"featured_media":0,"parent":0,"menu_order":0,"comment_status":"closed","ping_status":"closed","template":"","meta":{"nf_dc_page":"","om_disable_all_campaigns":false,"_monsterinsights_skip_tracking":false,"_monsterinsights_sitenote_active":false,"_monsterinsights_sitenote_note":"","_monsterinsights_sitenote_category":0,"footnotes":""},"class_list":["post-41","page","type-page","status-publish","hentry"],"yoast_head":"<!-- This site is optimized with the Yoast SEO plugin v27.4 - https:\/\/yoast.com\/product\/yoast-seo-wordpress\/ -->\n<title>About Us -<\/title>\n<meta name=\"robots\" content=\"index, follow, max-snippet:-1, max-image-preview:large, max-video-preview:-1\" \/>\n<link rel=\"canonical\" href=\"https:\/\/zenkallimarket.com\/es\/about-us\/\" \/>\n<meta property=\"og:locale\" content=\"es_MX\" \/>\n<meta property=\"og:type\" content=\"article\" \/>\n<meta property=\"og:title\" content=\"About Us -\" \/>\n<meta property=\"og:description\" content=\"Zenkalli Market started as a hope for community through sharing in an online space. I&#8217;ve always wanted to share my ideas through different avenues, and if someone would have told me I&#8217;d be a content creator when I was younger, I would have probably just laughed in disbelief. Yet, writing in particular has always been [&hellip;]\" \/>\n<meta property=\"og:url\" content=\"https:\/\/zenkallimarket.com\/es\/about-us\/\" \/>\n<meta property=\"article:modified_time\" content=\"2023-04-20T18:58:05+00:00\" \/>\n<meta property=\"og:image\" content=\"https:\/\/zenkallimarket.com\/wp-content\/uploads\/2023\/04\/new-4-768x1024.jpg\" \/>\n<meta name=\"twitter:card\" content=\"summary_large_image\" \/>\n<meta name=\"twitter:label1\" content=\"Tiempo de lectura\" \/>\n\t<meta name=\"twitter:data1\" content=\"1 minuto\" \/>\n<script type=\"application\/ld+json\" class=\"yoast-schema-graph\">{\"@context\":\"https:\\\/\\\/schema.org\",\"@graph\":[{\"@type\":\"WebPage\",\"@id\":\"https:\\\/\\\/zenkallimarket.com\\\/about-us\\\/\",\"url\":\"https:\\\/\\\/zenkallimarket.com\\\/about-us\\\/\",\"name\":\"About Us -\",\"isPartOf\":{\"@id\":\"http:\\\/\\\/box5865.temp.domains\\\/~zenkalli\\\/#website\"},\"primaryImageOfPage\":{\"@id\":\"https:\\\/\\\/zenkallimarket.com\\\/about-us\\\/#primaryimage\"},\"image\":{\"@id\":\"https:\\\/\\\/zenkallimarket.com\\\/about-us\\\/#primaryimage\"},\"thumbnailUrl\":\"https:\\\/\\\/zenkallimarket.com\\\/wp-content\\\/uploads\\\/2023\\\/04\\\/new-4-768x1024.jpg\",\"datePublished\":\"2022-12-02T22:12:57+00:00\",\"dateModified\":\"2023-04-20T18:58:05+00:00\",\"breadcrumb\":{\"@id\":\"https:\\\/\\\/zenkallimarket.com\\\/about-us\\\/#breadcrumb\"},\"inLanguage\":\"es\",\"potentialAction\":[{\"@type\":\"ReadAction\",\"target\":[\"https:\\\/\\\/zenkallimarket.com\\\/about-us\\\/\"]}]},{\"@type\":\"ImageObject\",\"inLanguage\":\"es\",\"@id\":\"https:\\\/\\\/zenkallimarket.com\\\/about-us\\\/#primaryimage\",\"url\":\"https:\\\/\\\/zenkallimarket.com\\\/wp-content\\\/uploads\\\/2023\\\/04\\\/new-4-768x1024.jpg\",\"contentUrl\":\"https:\\\/\\\/zenkallimarket.com\\\/wp-content\\\/uploads\\\/2023\\\/04\\\/new-4-768x1024.jpg\"},{\"@type\":\"BreadcrumbList\",\"@id\":\"https:\\\/\\\/zenkallimarket.com\\\/about-us\\\/#breadcrumb\",\"itemListElement\":[{\"@type\":\"ListItem\",\"position\":1,\"name\":\"Home\",\"item\":\"http:\\\/\\\/box5865.temp.domains\\\/~zenkalli\\\/\"},{\"@type\":\"ListItem\",\"position\":2,\"name\":\"About Us\"}]},{\"@type\":\"WebSite\",\"@id\":\"http:\\\/\\\/box5865.temp.domains\\\/~zenkalli\\\/#website\",\"url\":\"http:\\\/\\\/box5865.temp.domains\\\/~zenkalli\\\/\",\"name\":\"\",\"description\":\"Click on the button for more information on our Zenkalli Scholarship fund!\",\"publisher\":{\"@id\":\"http:\\\/\\\/box5865.temp.domains\\\/~zenkalli\\\/#\\\/schema\\\/person\\\/94f75443f40b74614098adcef273f1c7\"},\"potentialAction\":[{\"@type\":\"SearchAction\",\"target\":{\"@type\":\"EntryPoint\",\"urlTemplate\":\"http:\\\/\\\/box5865.temp.domains\\\/~zenkalli\\\/?s={search_term_string}\"},\"query-input\":{\"@type\":\"PropertyValueSpecification\",\"valueRequired\":true,\"valueName\":\"search_term_string\"}}],\"inLanguage\":\"es\"},{\"@type\":[\"Person\",\"Organization\"],\"@id\":\"http:\\\/\\\/box5865.temp.domains\\\/~zenkalli\\\/#\\\/schema\\\/person\\\/94f75443f40b74614098adcef273f1c7\",\"name\":\"Tonalmitl Valencia\",\"image\":{\"@type\":\"ImageObject\",\"inLanguage\":\"es\",\"@id\":\"https:\\\/\\\/zenkallimarket.com\\\/wp-content\\\/uploads\\\/2025\\\/01\\\/zenkalli-market-scaled.png\",\"url\":\"https:\\\/\\\/zenkallimarket.com\\\/wp-content\\\/uploads\\\/2025\\\/01\\\/zenkalli-market-scaled.png\",\"contentUrl\":\"https:\\\/\\\/zenkallimarket.com\\\/wp-content\\\/uploads\\\/2025\\\/01\\\/zenkalli-market-scaled.png\",\"width\":2560,\"height\":2560,\"caption\":\"Tonalmitl Valencia\"},\"logo\":{\"@id\":\"https:\\\/\\\/zenkallimarket.com\\\/wp-content\\\/uploads\\\/2025\\\/01\\\/zenkalli-market-scaled.png\"},\"sameAs\":[\"https:\\\/\\\/zenkallimarket.com\",\"https:\\\/\\\/instagram.com\\\/zenkallimarket?igshid=YmMyMTA2M2Y=\",\"https:\\\/\\\/www.youtube.com\\\/@jwitchytv\"]}]}<\/script>\n<!-- \/ Yoast SEO plugin. -->","yoast_head_json":{"title":"About Us -","robots":{"index":"index","follow":"follow","max-snippet":"max-snippet:-1","max-image-preview":"max-image-preview:large","max-video-preview":"max-video-preview:-1"},"canonical":"https:\/\/zenkallimarket.com\/es\/about-us\/","og_locale":"es_MX","og_type":"article","og_title":"About Us -","og_description":"Zenkalli Market started as a hope for community through sharing in an online space. I&#8217;ve always wanted to share my ideas through different avenues, and if someone would have told me I&#8217;d be a content creator when I was younger, I would have probably just laughed in disbelief. Yet, writing in particular has always been [&hellip;]","og_url":"https:\/\/zenkallimarket.com\/es\/about-us\/","article_modified_time":"2023-04-20T18:58:05+00:00","og_image":[{"url":"https:\/\/zenkallimarket.com\/wp-content\/uploads\/2023\/04\/new-4-768x1024.jpg","type":"","width":"","height":""}],"twitter_card":"summary_large_image","twitter_misc":{"Tiempo de lectura":"1 minuto"},"schema":{"@context":"https:\/\/schema.org","@graph":[{"@type":"WebPage","@id":"https:\/\/zenkallimarket.com\/about-us\/","url":"https:\/\/zenkallimarket.com\/about-us\/","name":"About Us -","isPartOf":{"@id":"http:\/\/box5865.temp.domains\/~zenkalli\/#website"},"primaryImageOfPage":{"@id":"https:\/\/zenkallimarket.com\/about-us\/#primaryimage"},"image":{"@id":"https:\/\/zenkallimarket.com\/about-us\/#primaryimage"},"thumbnailUrl":"https:\/\/zenkallimarket.com\/wp-content\/uploads\/2023\/04\/new-4-768x1024.jpg","datePublished":"2022-12-02T22:12:57+00:00","dateModified":"2023-04-20T18:58:05+00:00","breadcrumb":{"@id":"https:\/\/zenkallimarket.com\/about-us\/#breadcrumb"},"inLanguage":"es","potentialAction":[{"@type":"ReadAction","target":["https:\/\/zenkallimarket.com\/about-us\/"]}]},{"@type":"ImageObject","inLanguage":"es","@id":"https:\/\/zenkallimarket.com\/about-us\/#primaryimage","url":"https:\/\/zenkallimarket.com\/wp-content\/uploads\/2023\/04\/new-4-768x1024.jpg","contentUrl":"https:\/\/zenkallimarket.com\/wp-content\/uploads\/2023\/04\/new-4-768x1024.jpg"},{"@type":"BreadcrumbList","@id":"https:\/\/zenkallimarket.com\/about-us\/#breadcrumb","itemListElement":[{"@type":"ListItem","position":1,"name":"Home","item":"http:\/\/box5865.temp.domains\/~zenkalli\/"},{"@type":"ListItem","position":2,"name":"About Us"}]},{"@type":"WebSite","@id":"http:\/\/box5865.temp.domains\/~zenkalli\/#website","url":"http:\/\/box5865.temp.domains\/~zenkalli\/","name":"","description":"\u00a1Haga clic en el bot\u00f3n para obtener m\u00e1s informaci\u00f3n sobre nuestro fondo de becas Zenkalli!","publisher":{"@id":"http:\/\/box5865.temp.domains\/~zenkalli\/#\/schema\/person\/94f75443f40b74614098adcef273f1c7"},"potentialAction":[{"@type":"SearchAction","target":{"@type":"EntryPoint","urlTemplate":"http:\/\/box5865.temp.domains\/~zenkalli\/?s={search_term_string}"},"query-input":{"@type":"PropertyValueSpecification","valueRequired":true,"valueName":"search_term_string"}}],"inLanguage":"es"},{"@type":["Person","Organization"],"@id":"http:\/\/box5865.temp.domains\/~zenkalli\/#\/schema\/person\/94f75443f40b74614098adcef273f1c7","name":"Tonalmitl Valencia","image":{"@type":"ImageObject","inLanguage":"es","@id":"https:\/\/zenkallimarket.com\/wp-content\/uploads\/2025\/01\/zenkalli-market-scaled.png","url":"https:\/\/zenkallimarket.com\/wp-content\/uploads\/2025\/01\/zenkalli-market-scaled.png","contentUrl":"https:\/\/zenkallimarket.com\/wp-content\/uploads\/2025\/01\/zenkalli-market-scaled.png","width":2560,"height":2560,"caption":"Tonalmitl Valencia"},"logo":{"@id":"https:\/\/zenkallimarket.com\/wp-content\/uploads\/2025\/01\/zenkalli-market-scaled.png"},"sameAs":["https:\/\/zenkallimarket.com","https:\/\/instagram.com\/zenkallimarket?igshid=YmMyMTA2M2Y=","https:\/\/www.youtube.com\/@jwitchytv"]}]}},"_links":{"self":[{"href":"https:\/\/zenkallimarket.com\/es\/wp-json\/wp\/v2\/pages\/41","targetHints":{"allow":["GET"]}}],"collection":[{"href":"https:\/\/zenkallimarket.com\/es\/wp-json\/wp\/v2\/pages"}],"about":[{"href":"https:\/\/zenkallimarket.com\/es\/wp-json\/wp\/v2\/types\/page"}],"author":[{"embeddable":true,"href":"https:\/\/zenkallimarket.com\/es\/wp-json\/wp\/v2\/users\/1"}],"replies":[{"embeddable":true,"href":"https:\/\/zenkallimarket.com\/es\/wp-json\/wp\/v2\/comments?post=41"}],"version-history":[{"count":5,"href":"https:\/\/zenkallimarket.com\/es\/wp-json\/wp\/v2\/pages\/41\/revisions"}],"predecessor-version":[{"id":161,"href":"https:\/\/zenkallimarket.com\/es\/wp-json\/wp\/v2\/pages\/41\/revisions\/161"}],"wp:attachment":[{"href":"https:\/\/zenkallimarket.com\/es\/wp-json\/wp\/v2\/media?parent=41"}],"curies":[{"name":"wp","href":"https:\/\/api.w.org\/{rel}","templated":true}]}}