{"id":55,"date":"2022-12-02T22:32:34","date_gmt":"2022-12-02T22:32:34","guid":{"rendered":"http:\/\/box5865.temp.domains\/~zenkalli\/?page_id=55"},"modified":"2025-04-29T22:28:27","modified_gmt":"2025-04-29T22:28:27","slug":"zenkalli-shop","status":"publish","type":"page","link":"https:\/\/zenkallimarket.com\/es\/zenkalli-shop\/","title":{"rendered":"Social Media &amp; Amazon Storefront"},"content":{"rendered":"<div class=\"wp-block-media-text is-stacked-on-mobile\"><figure class=\"wp-block-media-text__media\"><img loading=\"lazy\" decoding=\"async\" width=\"1024\" height=\"1024\" src=\"https:\/\/zenkallimarket.com\/wp-content\/uploads\/2025\/04\/yt-1024x1024.png\" alt=\"\" class=\"wp-image-373 size-full\" srcset=\"https:\/\/zenkallimarket.com\/wp-content\/uploads\/2025\/04\/yt-1024x1024.png 1024w, https:\/\/zenkallimarket.com\/wp-content\/uploads\/2025\/04\/yt-200x200.png 200w, https:\/\/zenkallimarket.com\/wp-content\/uploads\/2025\/04\/yt-100x100.png 100w, https:\/\/zenkallimarket.com\/wp-content\/uploads\/2025\/04\/yt-500x500.png 500w, https:\/\/zenkallimarket.com\/wp-content\/uploads\/2025\/04\/yt-300x300.png 300w, https:\/\/zenkallimarket.com\/wp-content\/uploads\/2025\/04\/yt-150x150.png 150w, https:\/\/zenkallimarket.com\/wp-content\/uploads\/2025\/04\/yt-768x768.png 768w, https:\/\/zenkallimarket.com\/wp-content\/uploads\/2025\/04\/yt-12x12.png 12w, https:\/\/zenkallimarket.com\/wp-content\/uploads\/2025\/04\/yt.png 1069w\" sizes=\"auto, (max-width: 1024px) 100vw, 1024px\" \/><\/figure><div class=\"wp-block-media-text__content\"><p class=\"\"><strong>Follow Zenkalli on YouTube!<\/strong><\/p>\n\n<div class=\"wp-block-buttons is-layout-flex wp-block-buttons-is-layout-flex\"><div class=\"wp-block-button\"><a class=\"wp-block-button__link wp-element-button\" href=\"https:\/\/www.youtube.com\/@jwitchytv\">Click Here!<\/a><\/div><\/div><\/div><\/div><div class=\"wp-block-media-text is-stacked-on-mobile\"><figure class=\"wp-block-media-text__media\"><img loading=\"lazy\" decoding=\"async\" width=\"880\" height=\"880\" src=\"https:\/\/zenkallimarket.com\/wp-content\/uploads\/2025\/04\/ig11.jpg\" alt=\"\" class=\"wp-image-379 size-full\" srcset=\"https:\/\/zenkallimarket.com\/wp-content\/uploads\/2025\/04\/ig11.jpg 880w, https:\/\/zenkallimarket.com\/wp-content\/uploads\/2025\/04\/ig11-200x200.jpg 200w, https:\/\/zenkallimarket.com\/wp-content\/uploads\/2025\/04\/ig11-100x100.jpg 100w, https:\/\/zenkallimarket.com\/wp-content\/uploads\/2025\/04\/ig11-500x500.jpg 500w, https:\/\/zenkallimarket.com\/wp-content\/uploads\/2025\/04\/ig11-300x300.jpg 300w, https:\/\/zenkallimarket.com\/wp-content\/uploads\/2025\/04\/ig11-150x150.jpg 150w, https:\/\/zenkallimarket.com\/wp-content\/uploads\/2025\/04\/ig11-768x768.jpg 768w, https:\/\/zenkallimarket.com\/wp-content\/uploads\/2025\/04\/ig11-12x12.jpg 12w\" sizes=\"auto, (max-width: 880px) 100vw, 880px\" \/><\/figure><div class=\"wp-block-media-text__content\"><p class=\"\"><strong>Follow us @zenkallimarket business updates and @jwitchytv for content! <\/strong><\/p>\n\n<div class=\"wp-block-buttons is-layout-flex wp-block-buttons-is-layout-flex\"><div class=\"wp-block-button\"><a class=\"wp-block-button__link wp-element-button\" href=\"https:\/\/www.instagram.com\/zenkallimarket?igsh=NTc4MTIwNjQ2YQ%3D%3D&amp;utm_source=qr\">@zenkallimarket<\/a><\/div>\n\n<div class=\"wp-block-button\"><a class=\"wp-block-button__link wp-element-button\" href=\"https:\/\/www.instagram.com\/jwitchytv?igsh=NTc4MTIwNjQ2YQ%3D%3D&amp;utm_source=qr\">@jwitchytv<\/a><\/div><\/div><\/div><\/div><div class=\"wp-block-media-text is-stacked-on-mobile\"><figure class=\"wp-block-media-text__media\"><img loading=\"lazy\" decoding=\"async\" width=\"800\" height=\"800\" src=\"https:\/\/zenkallimarket.com\/wp-content\/uploads\/2025\/04\/ttt.webp\" alt=\"\" class=\"wp-image-383 size-full\" srcset=\"https:\/\/zenkallimarket.com\/wp-content\/uploads\/2025\/04\/ttt.webp 800w, https:\/\/zenkallimarket.com\/wp-content\/uploads\/2025\/04\/ttt-200x200.webp 200w, https:\/\/zenkallimarket.com\/wp-content\/uploads\/2025\/04\/ttt-100x100.webp 100w, https:\/\/zenkallimarket.com\/wp-content\/uploads\/2025\/04\/ttt-500x500.webp 500w, https:\/\/zenkallimarket.com\/wp-content\/uploads\/2025\/04\/ttt-300x300.webp 300w, https:\/\/zenkallimarket.com\/wp-content\/uploads\/2025\/04\/ttt-150x150.webp 150w, https:\/\/zenkallimarket.com\/wp-content\/uploads\/2025\/04\/ttt-768x768.webp 768w, https:\/\/zenkallimarket.com\/wp-content\/uploads\/2025\/04\/ttt-12x12.webp 12w\" sizes=\"auto, (max-width: 800px) 100vw, 800px\" \/><\/figure><div class=\"wp-block-media-text__content\"><p class=\"\"><strong>For content and entertainment purposes follow @jwitchytv on TikTok.<\/strong><\/p>\n\n<div class=\"wp-block-buttons is-layout-flex wp-block-buttons-is-layout-flex\"><div class=\"wp-block-button\"><a class=\"wp-block-button__link wp-element-button\" href=\"https:\/\/www.tiktok.com\/@jwitchytv?_t=ZT-8vGN1sWksRy&amp;_r=1\">Click Here!<\/a><\/div><\/div><\/div><\/div><div class=\"wp-block-media-text is-stacked-on-mobile\"><figure class=\"wp-block-media-text__media\"><img loading=\"lazy\" decoding=\"async\" width=\"1024\" height=\"1024\" src=\"https:\/\/zenkallimarket.com\/wp-content\/uploads\/2025\/04\/a2-1-1024x1024.png\" alt=\"\" class=\"wp-image-411 size-full\" srcset=\"https:\/\/zenkallimarket.com\/wp-content\/uploads\/2025\/04\/a2-1-1024x1024.png 1024w, https:\/\/zenkallimarket.com\/wp-content\/uploads\/2025\/04\/a2-1-200x200.png 200w, https:\/\/zenkallimarket.com\/wp-content\/uploads\/2025\/04\/a2-1-100x100.png 100w, https:\/\/zenkallimarket.com\/wp-content\/uploads\/2025\/04\/a2-1-500x500.png 500w, https:\/\/zenkallimarket.com\/wp-content\/uploads\/2025\/04\/a2-1-300x300.png 300w, https:\/\/zenkallimarket.com\/wp-content\/uploads\/2025\/04\/a2-1-150x150.png 150w, https:\/\/zenkallimarket.com\/wp-content\/uploads\/2025\/04\/a2-1-768x768.png 768w, https:\/\/zenkallimarket.com\/wp-content\/uploads\/2025\/04\/a2-1-1536x1536.png 1536w, https:\/\/zenkallimarket.com\/wp-content\/uploads\/2025\/04\/a2-1-12x12.png 12w, https:\/\/zenkallimarket.com\/wp-content\/uploads\/2025\/04\/a2-1-1320x1320.png 1320w, https:\/\/zenkallimarket.com\/wp-content\/uploads\/2025\/04\/a2-1.png 2048w\" sizes=\"auto, (max-width: 1024px) 100vw, 1024px\" \/><\/figure><div class=\"wp-block-media-text__content\"><p class=\"\">Check out our Amazon storefront!<\/p>\n\n<div class=\"wp-block-buttons is-layout-flex wp-block-buttons-is-layout-flex\"><div class=\"wp-block-button\"><a class=\"wp-block-button__link wp-element-button\" href=\"https:\/\/www.amazon.com\/s?rh=n%3A7141123011%2Cp_4%3AZenkalli%2BMarket&amp;ref=bl_sl_s_ap_web_7141123011\">Amazon storefront<\/a><\/div><\/div><\/div><\/div><div class=\"wp-block-media-text is-stacked-on-mobile\"><figure class=\"wp-block-media-text__media\"><img loading=\"lazy\" decoding=\"async\" width=\"320\" height=\"320\" src=\"https:\/\/zenkallimarket.com\/wp-content\/uploads\/2025\/04\/tpt4.webp\" alt=\"\" class=\"wp-image-417 size-full\" srcset=\"https:\/\/zenkallimarket.com\/wp-content\/uploads\/2025\/04\/tpt4.webp 320w, https:\/\/zenkallimarket.com\/wp-content\/uploads\/2025\/04\/tpt4-200x200.webp 200w, https:\/\/zenkallimarket.com\/wp-content\/uploads\/2025\/04\/tpt4-100x100.webp 100w, https:\/\/zenkallimarket.com\/wp-content\/uploads\/2025\/04\/tpt4-300x300.webp 300w, https:\/\/zenkallimarket.com\/wp-content\/uploads\/2025\/04\/tpt4-150x150.webp 150w, https:\/\/zenkallimarket.com\/wp-content\/uploads\/2025\/04\/tpt4-12x12.webp 12w\" sizes=\"auto, (max-width: 320px) 100vw, 320px\" \/><\/figure><div class=\"wp-block-media-text__content\"><p class=\"\">If you&#8217;re an educator or a parent\/guardian who is homeschooling your child, check out our Teachers Pay Teachers Store!<\/p>\n\n<div class=\"wp-block-buttons is-layout-flex wp-block-buttons-is-layout-flex\"><div class=\"wp-block-button\"><a class=\"wp-block-button__link wp-element-button\" href=\"https:\/\/www.teacherspayteachers.com\/store\/zenkalli-market\">Teachers Pay Teachers<\/a><\/div><\/div><\/div><\/div><figure class=\"wp-block-pullquote\"><blockquote><p>&#8220;Everyone who is successful must have dreamed of something.&#8221;<\/p><cite>Maricopa Proverb<\/cite><\/blockquote><\/figure>","protected":false},"excerpt":{"rendered":"<p>&#8220;Everyone who is successful must have dreamed of something.&#8221; Maricopa Proverb<\/p>","protected":false},"author":1,"featured_media":0,"parent":0,"menu_order":0,"comment_status":"closed","ping_status":"closed","template":"","meta":{"nf_dc_page":"","om_disable_all_campaigns":true,"_monsterinsights_skip_tracking":false,"_monsterinsights_sitenote_active":false,"_monsterinsights_sitenote_note":"","_monsterinsights_sitenote_category":0,"footnotes":""},"class_list":["post-55","page","type-page","status-publish","hentry"],"yoast_head":"<!-- This site is optimized with the Yoast SEO plugin v27.4 - https:\/\/yoast.com\/product\/yoast-seo-wordpress\/ -->\n<title>Social Media &amp; Amazon Storefront -<\/title>\n<meta name=\"robots\" content=\"index, follow, max-snippet:-1, max-image-preview:large, max-video-preview:-1\" \/>\n<link rel=\"canonical\" href=\"https:\/\/zenkallimarket.com\/es\/zenkalli-shop\/\" \/>\n<meta property=\"og:locale\" content=\"es_MX\" \/>\n<meta property=\"og:type\" content=\"article\" \/>\n<meta property=\"og:title\" content=\"Social Media &amp; Amazon Storefront -\" \/>\n<meta property=\"og:description\" content=\"&#8220;Everyone who is successful must have dreamed of something.&#8221; Maricopa Proverb\" \/>\n<meta property=\"og:url\" content=\"https:\/\/zenkallimarket.com\/es\/zenkalli-shop\/\" \/>\n<meta property=\"article:modified_time\" content=\"2025-04-29T22:28:27+00:00\" \/>\n<meta property=\"og:image\" content=\"https:\/\/zenkallimarket.com\/wp-content\/uploads\/2025\/04\/yt.png\" \/>\n\t<meta property=\"og:image:width\" content=\"1069\" \/>\n\t<meta property=\"og:image:height\" content=\"1069\" \/>\n\t<meta property=\"og:image:type\" content=\"image\/png\" \/>\n<meta name=\"twitter:card\" content=\"summary_large_image\" \/>\n<meta name=\"twitter:label1\" content=\"Tiempo de lectura\" \/>\n\t<meta name=\"twitter:data1\" content=\"2 minutos\" \/>\n<script type=\"application\/ld+json\" class=\"yoast-schema-graph\">{\"@context\":\"https:\\\/\\\/schema.org\",\"@graph\":[{\"@type\":\"WebPage\",\"@id\":\"https:\\\/\\\/zenkallimarket.com\\\/zenkalli-shop\\\/\",\"url\":\"https:\\\/\\\/zenkallimarket.com\\\/zenkalli-shop\\\/\",\"name\":\"Social Media &amp; Amazon Storefront -\",\"isPartOf\":{\"@id\":\"http:\\\/\\\/box5865.temp.domains\\\/~zenkalli\\\/#website\"},\"primaryImageOfPage\":{\"@id\":\"https:\\\/\\\/zenkallimarket.com\\\/zenkalli-shop\\\/#primaryimage\"},\"image\":{\"@id\":\"https:\\\/\\\/zenkallimarket.com\\\/zenkalli-shop\\\/#primaryimage\"},\"thumbnailUrl\":\"https:\\\/\\\/zenkallimarket.com\\\/wp-content\\\/uploads\\\/2025\\\/04\\\/yt-1024x1024.png\",\"datePublished\":\"2022-12-02T22:32:34+00:00\",\"dateModified\":\"2025-04-29T22:28:27+00:00\",\"breadcrumb\":{\"@id\":\"https:\\\/\\\/zenkallimarket.com\\\/zenkalli-shop\\\/#breadcrumb\"},\"inLanguage\":\"es\",\"potentialAction\":[{\"@type\":\"ReadAction\",\"target\":[\"https:\\\/\\\/zenkallimarket.com\\\/zenkalli-shop\\\/\"]}]},{\"@type\":\"ImageObject\",\"inLanguage\":\"es\",\"@id\":\"https:\\\/\\\/zenkallimarket.com\\\/zenkalli-shop\\\/#primaryimage\",\"url\":\"https:\\\/\\\/zenkallimarket.com\\\/wp-content\\\/uploads\\\/2025\\\/04\\\/yt-1024x1024.png\",\"contentUrl\":\"https:\\\/\\\/zenkallimarket.com\\\/wp-content\\\/uploads\\\/2025\\\/04\\\/yt-1024x1024.png\"},{\"@type\":\"BreadcrumbList\",\"@id\":\"https:\\\/\\\/zenkallimarket.com\\\/zenkalli-shop\\\/#breadcrumb\",\"itemListElement\":[{\"@type\":\"ListItem\",\"position\":1,\"name\":\"Home\",\"item\":\"http:\\\/\\\/box5865.temp.domains\\\/~zenkalli\\\/\"},{\"@type\":\"ListItem\",\"position\":2,\"name\":\"Social Media &amp; Amazon Storefront\"}]},{\"@type\":\"WebSite\",\"@id\":\"http:\\\/\\\/box5865.temp.domains\\\/~zenkalli\\\/#website\",\"url\":\"http:\\\/\\\/box5865.temp.domains\\\/~zenkalli\\\/\",\"name\":\"\",\"description\":\"Click on the button for more information on our Zenkalli Scholarship fund!\",\"publisher\":{\"@id\":\"http:\\\/\\\/box5865.temp.domains\\\/~zenkalli\\\/#\\\/schema\\\/person\\\/94f75443f40b74614098adcef273f1c7\"},\"potentialAction\":[{\"@type\":\"SearchAction\",\"target\":{\"@type\":\"EntryPoint\",\"urlTemplate\":\"http:\\\/\\\/box5865.temp.domains\\\/~zenkalli\\\/?s={search_term_string}\"},\"query-input\":{\"@type\":\"PropertyValueSpecification\",\"valueRequired\":true,\"valueName\":\"search_term_string\"}}],\"inLanguage\":\"es\"},{\"@type\":[\"Person\",\"Organization\"],\"@id\":\"http:\\\/\\\/box5865.temp.domains\\\/~zenkalli\\\/#\\\/schema\\\/person\\\/94f75443f40b74614098adcef273f1c7\",\"name\":\"Tonalmitl Valencia\",\"image\":{\"@type\":\"ImageObject\",\"inLanguage\":\"es\",\"@id\":\"https:\\\/\\\/zenkallimarket.com\\\/wp-content\\\/uploads\\\/2025\\\/01\\\/zenkalli-market-scaled.png\",\"url\":\"https:\\\/\\\/zenkallimarket.com\\\/wp-content\\\/uploads\\\/2025\\\/01\\\/zenkalli-market-scaled.png\",\"contentUrl\":\"https:\\\/\\\/zenkallimarket.com\\\/wp-content\\\/uploads\\\/2025\\\/01\\\/zenkalli-market-scaled.png\",\"width\":2560,\"height\":2560,\"caption\":\"Tonalmitl Valencia\"},\"logo\":{\"@id\":\"https:\\\/\\\/zenkallimarket.com\\\/wp-content\\\/uploads\\\/2025\\\/01\\\/zenkalli-market-scaled.png\"},\"sameAs\":[\"https:\\\/\\\/zenkallimarket.com\",\"https:\\\/\\\/instagram.com\\\/zenkallimarket?igshid=YmMyMTA2M2Y=\",\"https:\\\/\\\/www.youtube.com\\\/@jwitchytv\"]}]}<\/script>\n<!-- \/ Yoast SEO plugin. -->","yoast_head_json":{"title":"Social Media &amp; Amazon Storefront -","robots":{"index":"index","follow":"follow","max-snippet":"max-snippet:-1","max-image-preview":"max-image-preview:large","max-video-preview":"max-video-preview:-1"},"canonical":"https:\/\/zenkallimarket.com\/es\/zenkalli-shop\/","og_locale":"es_MX","og_type":"article","og_title":"Social Media &amp; Amazon Storefront -","og_description":"&#8220;Everyone who is successful must have dreamed of something.&#8221; Maricopa Proverb","og_url":"https:\/\/zenkallimarket.com\/es\/zenkalli-shop\/","article_modified_time":"2025-04-29T22:28:27+00:00","og_image":[{"width":1069,"height":1069,"url":"https:\/\/zenkallimarket.com\/wp-content\/uploads\/2025\/04\/yt.png","type":"image\/png"}],"twitter_card":"summary_large_image","twitter_misc":{"Tiempo de lectura":"2 minutos"},"schema":{"@context":"https:\/\/schema.org","@graph":[{"@type":"WebPage","@id":"https:\/\/zenkallimarket.com\/zenkalli-shop\/","url":"https:\/\/zenkallimarket.com\/zenkalli-shop\/","name":"Social Media &amp; Amazon Storefront -","isPartOf":{"@id":"http:\/\/box5865.temp.domains\/~zenkalli\/#website"},"primaryImageOfPage":{"@id":"https:\/\/zenkallimarket.com\/zenkalli-shop\/#primaryimage"},"image":{"@id":"https:\/\/zenkallimarket.com\/zenkalli-shop\/#primaryimage"},"thumbnailUrl":"https:\/\/zenkallimarket.com\/wp-content\/uploads\/2025\/04\/yt-1024x1024.png","datePublished":"2022-12-02T22:32:34+00:00","dateModified":"2025-04-29T22:28:27+00:00","breadcrumb":{"@id":"https:\/\/zenkallimarket.com\/zenkalli-shop\/#breadcrumb"},"inLanguage":"es","potentialAction":[{"@type":"ReadAction","target":["https:\/\/zenkallimarket.com\/zenkalli-shop\/"]}]},{"@type":"ImageObject","inLanguage":"es","@id":"https:\/\/zenkallimarket.com\/zenkalli-shop\/#primaryimage","url":"https:\/\/zenkallimarket.com\/wp-content\/uploads\/2025\/04\/yt-1024x1024.png","contentUrl":"https:\/\/zenkallimarket.com\/wp-content\/uploads\/2025\/04\/yt-1024x1024.png"},{"@type":"BreadcrumbList","@id":"https:\/\/zenkallimarket.com\/zenkalli-shop\/#breadcrumb","itemListElement":[{"@type":"ListItem","position":1,"name":"Home","item":"http:\/\/box5865.temp.domains\/~zenkalli\/"},{"@type":"ListItem","position":2,"name":"Social Media &amp; Amazon Storefront"}]},{"@type":"WebSite","@id":"http:\/\/box5865.temp.domains\/~zenkalli\/#website","url":"http:\/\/box5865.temp.domains\/~zenkalli\/","name":"","description":"\u00a1Haga clic en el bot\u00f3n para obtener m\u00e1s informaci\u00f3n sobre nuestro fondo de becas Zenkalli!","publisher":{"@id":"http:\/\/box5865.temp.domains\/~zenkalli\/#\/schema\/person\/94f75443f40b74614098adcef273f1c7"},"potentialAction":[{"@type":"SearchAction","target":{"@type":"EntryPoint","urlTemplate":"http:\/\/box5865.temp.domains\/~zenkalli\/?s={search_term_string}"},"query-input":{"@type":"PropertyValueSpecification","valueRequired":true,"valueName":"search_term_string"}}],"inLanguage":"es"},{"@type":["Person","Organization"],"@id":"http:\/\/box5865.temp.domains\/~zenkalli\/#\/schema\/person\/94f75443f40b74614098adcef273f1c7","name":"Tonalmitl Valencia","image":{"@type":"ImageObject","inLanguage":"es","@id":"https:\/\/zenkallimarket.com\/wp-content\/uploads\/2025\/01\/zenkalli-market-scaled.png","url":"https:\/\/zenkallimarket.com\/wp-content\/uploads\/2025\/01\/zenkalli-market-scaled.png","contentUrl":"https:\/\/zenkallimarket.com\/wp-content\/uploads\/2025\/01\/zenkalli-market-scaled.png","width":2560,"height":2560,"caption":"Tonalmitl Valencia"},"logo":{"@id":"https:\/\/zenkallimarket.com\/wp-content\/uploads\/2025\/01\/zenkalli-market-scaled.png"},"sameAs":["https:\/\/zenkallimarket.com","https:\/\/instagram.com\/zenkallimarket?igshid=YmMyMTA2M2Y=","https:\/\/www.youtube.com\/@jwitchytv"]}]}},"_links":{"self":[{"href":"https:\/\/zenkallimarket.com\/es\/wp-json\/wp\/v2\/pages\/55","targetHints":{"allow":["GET"]}}],"collection":[{"href":"https:\/\/zenkallimarket.com\/es\/wp-json\/wp\/v2\/pages"}],"about":[{"href":"https:\/\/zenkallimarket.com\/es\/wp-json\/wp\/v2\/types\/page"}],"author":[{"embeddable":true,"href":"https:\/\/zenkallimarket.com\/es\/wp-json\/wp\/v2\/users\/1"}],"replies":[{"embeddable":true,"href":"https:\/\/zenkallimarket.com\/es\/wp-json\/wp\/v2\/comments?post=55"}],"version-history":[{"count":19,"href":"https:\/\/zenkallimarket.com\/es\/wp-json\/wp\/v2\/pages\/55\/revisions"}],"predecessor-version":[{"id":418,"href":"https:\/\/zenkallimarket.com\/es\/wp-json\/wp\/v2\/pages\/55\/revisions\/418"}],"wp:attachment":[{"href":"https:\/\/zenkallimarket.com\/es\/wp-json\/wp\/v2\/media?parent=55"}],"curies":[{"name":"wp","href":"https:\/\/api.w.org\/{rel}","templated":true}]}}