{"id":136,"date":"2023-04-20T16:33:16","date_gmt":"2023-04-20T16:33:16","guid":{"rendered":"https:\/\/zenkallimarket.com\/product\/hoodie-with-logo-2\/"},"modified":"2026-02-28T19:54:04","modified_gmt":"2026-02-28T19:54:04","slug":"mami-y-papi-trabajan-mommy-daddy-work","status":"publish","type":"product","link":"https:\/\/zenkallimarket.com\/es\/producto\/mami-y-papi-trabajan-mommy-daddy-work\/","title":{"rendered":"Mami y Papi Trabajan &#8211; Mommy &amp; Daddy Work"},"content":{"rendered":"<p><span style=\"font-weight: 400\">Mommy and Daddy Work &#8211; A book designed and aimed at young readers. In it, you will find illustrations that will help children become familiar with the concept of working. The intention of this book is to help kids understand why their parents need to go to work.<\/span><\/p>\n<p><span style=\"font-weight: 400\">Mami Y Papi Trabajan &#8211; Un libro dise\u00f1ado y dirigido a peque\u00f1os lectores. En \u00e9l, encontrar\u00e1n ilustraciones que les ayudar\u00e1n a familiarizarse con el concepto de trabajar. La intenci\u00f3n de este libro es ayudar a los ni\u00f1os a entender por qu\u00e9 sus padres necesitan ir a trabajar.<\/span><\/p>\n<p>&nbsp;<\/p>\n<p>&nbsp;<\/p>","protected":false},"excerpt":{"rendered":"<p>A bilingual children&#8217;s book designed to teach young readers ages 1-5 to understand the concept of going to work. This book contains diverse families.<\/p>\n<p id=\"tw-target-text\" class=\"tw-data-text tw-text-large tw-ta\" dir=\"ltr\" data-placeholder=\"Translation\"><span class=\"Y2IQFc\" lang=\"es\">Un libro infantil biling\u00fce dise\u00f1ado para ense\u00f1ar a los lectores j\u00f3venes de 1 a 5 a\u00f1os a comprender el concepto de ir a trabajar. Este libro contiene diversas familias.<\/span><\/p>","protected":false},"featured_media":135,"comment_status":"open","ping_status":"closed","template":"","meta":{"nf_dc_page":"","om_disable_all_campaigns":false,"_monsterinsights_skip_tracking":false,"_monsterinsights_sitenote_active":false,"_monsterinsights_sitenote_note":"","_monsterinsights_sitenote_category":0},"product_brand":[],"product_cat":[23],"product_tag":[28,25,29,27,26],"giftcard-category":[],"class_list":{"0":"post-136","1":"product","2":"type-product","3":"status-publish","4":"has-post-thumbnail","6":"product_cat-books","7":"product_tag-baby-books","8":"product_tag-bilingual-education","9":"product_tag-diversity-for-kids","10":"product_tag-english-and-spanish","11":"product_tag-toddler-books","13":"first","14":"instock","15":"featured","16":"taxable","17":"shipping-taxable","18":"purchasable","19":"product-type-simple"},"yoast_head":"<!-- This site is optimized with the Yoast SEO plugin v27.4 - https:\/\/yoast.com\/product\/yoast-seo-wordpress\/ -->\n<title>Mami y Papi Trabajan - Mommy &amp; Daddy Work -<\/title>\n<meta name=\"robots\" content=\"index, follow, max-snippet:-1, max-image-preview:large, max-video-preview:-1\" \/>\n<link rel=\"canonical\" href=\"https:\/\/zenkallimarket.com\/es\/producto\/mami-y-papi-trabajan-mommy-daddy-work\/\" \/>\n<meta property=\"og:locale\" content=\"es_MX\" \/>\n<meta property=\"og:type\" content=\"article\" \/>\n<meta property=\"og:title\" content=\"Mami y Papi Trabajan - Mommy &amp; Daddy Work -\" \/>\n<meta property=\"og:description\" content=\"A bilingual children&#039;s book designed to teach young readers ages 1-5 to understand the concept of going to work. This book contains diverse families. Un libro infantil biling\u00fce dise\u00f1ado para ense\u00f1ar a los lectores j\u00f3venes de 1 a 5 a\u00f1os a comprender el concepto de ir a trabajar. Este libro contiene diversas familias.\" \/>\n<meta property=\"og:url\" content=\"https:\/\/zenkallimarket.com\/es\/producto\/mami-y-papi-trabajan-mommy-daddy-work\/\" \/>\n<meta property=\"article:modified_time\" content=\"2026-02-28T19:54:04+00:00\" \/>\n<meta property=\"og:image\" content=\"https:\/\/zenkallimarket.com\/wp-content\/uploads\/2023\/04\/IMG_3648-scaled-e1682009293221.jpg\" \/>\n\t<meta property=\"og:image:width\" content=\"2560\" \/>\n\t<meta property=\"og:image:height\" content=\"2362\" \/>\n\t<meta property=\"og:image:type\" content=\"image\/jpeg\" \/>\n<meta name=\"twitter:card\" content=\"summary_large_image\" \/>\n<meta name=\"twitter:label1\" content=\"Tiempo de lectura\" \/>\n\t<meta name=\"twitter:data1\" content=\"1 minuto\" \/>\n<script type=\"application\/ld+json\" class=\"yoast-schema-graph\">{\"@context\":\"https:\\\/\\\/schema.org\",\"@graph\":[{\"@type\":\"WebPage\",\"@id\":\"https:\\\/\\\/zenkallimarket.com\\\/product\\\/mami-y-papi-trabajan-mommy-daddy-work\\\/\",\"url\":\"https:\\\/\\\/zenkallimarket.com\\\/product\\\/mami-y-papi-trabajan-mommy-daddy-work\\\/\",\"name\":\"Mami y Papi Trabajan - Mommy &amp; Daddy Work -\",\"isPartOf\":{\"@id\":\"http:\\\/\\\/box5865.temp.domains\\\/~zenkalli\\\/#website\"},\"primaryImageOfPage\":{\"@id\":\"https:\\\/\\\/zenkallimarket.com\\\/product\\\/mami-y-papi-trabajan-mommy-daddy-work\\\/#primaryimage\"},\"image\":{\"@id\":\"https:\\\/\\\/zenkallimarket.com\\\/product\\\/mami-y-papi-trabajan-mommy-daddy-work\\\/#primaryimage\"},\"thumbnailUrl\":\"https:\\\/\\\/zenkallimarket.com\\\/wp-content\\\/uploads\\\/2023\\\/04\\\/IMG_3648-scaled-e1682009293221.jpg\",\"datePublished\":\"2023-04-20T16:33:16+00:00\",\"dateModified\":\"2026-02-28T19:54:04+00:00\",\"breadcrumb\":{\"@id\":\"https:\\\/\\\/zenkallimarket.com\\\/product\\\/mami-y-papi-trabajan-mommy-daddy-work\\\/#breadcrumb\"},\"inLanguage\":\"es\",\"potentialAction\":[{\"@type\":\"ReadAction\",\"target\":[\"https:\\\/\\\/zenkallimarket.com\\\/product\\\/mami-y-papi-trabajan-mommy-daddy-work\\\/\"]}]},{\"@type\":\"ImageObject\",\"inLanguage\":\"es\",\"@id\":\"https:\\\/\\\/zenkallimarket.com\\\/product\\\/mami-y-papi-trabajan-mommy-daddy-work\\\/#primaryimage\",\"url\":\"https:\\\/\\\/zenkallimarket.com\\\/wp-content\\\/uploads\\\/2023\\\/04\\\/IMG_3648-scaled-e1682009293221.jpg\",\"contentUrl\":\"https:\\\/\\\/zenkallimarket.com\\\/wp-content\\\/uploads\\\/2023\\\/04\\\/IMG_3648-scaled-e1682009293221.jpg\",\"width\":2560,\"height\":2362,\"caption\":\"Mami Y Papi Trabajan - Mommy & Daddy Work\"},{\"@type\":\"BreadcrumbList\",\"@id\":\"https:\\\/\\\/zenkallimarket.com\\\/product\\\/mami-y-papi-trabajan-mommy-daddy-work\\\/#breadcrumb\",\"itemListElement\":[{\"@type\":\"ListItem\",\"position\":1,\"name\":\"Home\",\"item\":\"http:\\\/\\\/box5865.temp.domains\\\/~zenkalli\\\/\"},{\"@type\":\"ListItem\",\"position\":2,\"name\":\"Shop\",\"item\":\"https:\\\/\\\/zenkallimarket.com\\\/shop\\\/\"},{\"@type\":\"ListItem\",\"position\":3,\"name\":\"Mami y Papi Trabajan &#8211; Mommy &amp; Daddy Work\"}]},{\"@type\":\"WebSite\",\"@id\":\"http:\\\/\\\/box5865.temp.domains\\\/~zenkalli\\\/#website\",\"url\":\"http:\\\/\\\/box5865.temp.domains\\\/~zenkalli\\\/\",\"name\":\"\",\"description\":\"Click on the button for more information on our Zenkalli Scholarship fund!\",\"publisher\":{\"@id\":\"http:\\\/\\\/box5865.temp.domains\\\/~zenkalli\\\/#\\\/schema\\\/person\\\/94f75443f40b74614098adcef273f1c7\"},\"potentialAction\":[{\"@type\":\"SearchAction\",\"target\":{\"@type\":\"EntryPoint\",\"urlTemplate\":\"http:\\\/\\\/box5865.temp.domains\\\/~zenkalli\\\/?s={search_term_string}\"},\"query-input\":{\"@type\":\"PropertyValueSpecification\",\"valueRequired\":true,\"valueName\":\"search_term_string\"}}],\"inLanguage\":\"es\"},{\"@type\":[\"Person\",\"Organization\"],\"@id\":\"http:\\\/\\\/box5865.temp.domains\\\/~zenkalli\\\/#\\\/schema\\\/person\\\/94f75443f40b74614098adcef273f1c7\",\"name\":\"Tonalmitl Valencia\",\"image\":{\"@type\":\"ImageObject\",\"inLanguage\":\"es\",\"@id\":\"https:\\\/\\\/zenkallimarket.com\\\/wp-content\\\/uploads\\\/2025\\\/01\\\/zenkalli-market-scaled.png\",\"url\":\"https:\\\/\\\/zenkallimarket.com\\\/wp-content\\\/uploads\\\/2025\\\/01\\\/zenkalli-market-scaled.png\",\"contentUrl\":\"https:\\\/\\\/zenkallimarket.com\\\/wp-content\\\/uploads\\\/2025\\\/01\\\/zenkalli-market-scaled.png\",\"width\":2560,\"height\":2560,\"caption\":\"Tonalmitl Valencia\"},\"logo\":{\"@id\":\"https:\\\/\\\/zenkallimarket.com\\\/wp-content\\\/uploads\\\/2025\\\/01\\\/zenkalli-market-scaled.png\"},\"sameAs\":[\"https:\\\/\\\/zenkallimarket.com\",\"https:\\\/\\\/instagram.com\\\/zenkallimarket?igshid=YmMyMTA2M2Y=\",\"https:\\\/\\\/www.youtube.com\\\/@jwitchytv\"]}]}<\/script>\n<!-- \/ Yoast SEO plugin. -->","yoast_head_json":{"title":"Mami y Papi Trabajan - Mommy &amp; Daddy Work -","robots":{"index":"index","follow":"follow","max-snippet":"max-snippet:-1","max-image-preview":"max-image-preview:large","max-video-preview":"max-video-preview:-1"},"canonical":"https:\/\/zenkallimarket.com\/es\/producto\/mami-y-papi-trabajan-mommy-daddy-work\/","og_locale":"es_MX","og_type":"article","og_title":"Mami y Papi Trabajan - Mommy &amp; Daddy Work -","og_description":"A bilingual children's book designed to teach young readers ages 1-5 to understand the concept of going to work. This book contains diverse families. Un libro infantil biling\u00fce dise\u00f1ado para ense\u00f1ar a los lectores j\u00f3venes de 1 a 5 a\u00f1os a comprender el concepto de ir a trabajar. Este libro contiene diversas familias.","og_url":"https:\/\/zenkallimarket.com\/es\/producto\/mami-y-papi-trabajan-mommy-daddy-work\/","article_modified_time":"2026-02-28T19:54:04+00:00","og_image":[{"width":2560,"height":2362,"url":"https:\/\/zenkallimarket.com\/wp-content\/uploads\/2023\/04\/IMG_3648-scaled-e1682009293221.jpg","type":"image\/jpeg"}],"twitter_card":"summary_large_image","twitter_misc":{"Tiempo de lectura":"1 minuto"},"schema":{"@context":"https:\/\/schema.org","@graph":[{"@type":"WebPage","@id":"https:\/\/zenkallimarket.com\/product\/mami-y-papi-trabajan-mommy-daddy-work\/","url":"https:\/\/zenkallimarket.com\/product\/mami-y-papi-trabajan-mommy-daddy-work\/","name":"Mami y Papi Trabajan - Mommy &amp; Daddy Work -","isPartOf":{"@id":"http:\/\/box5865.temp.domains\/~zenkalli\/#website"},"primaryImageOfPage":{"@id":"https:\/\/zenkallimarket.com\/product\/mami-y-papi-trabajan-mommy-daddy-work\/#primaryimage"},"image":{"@id":"https:\/\/zenkallimarket.com\/product\/mami-y-papi-trabajan-mommy-daddy-work\/#primaryimage"},"thumbnailUrl":"https:\/\/zenkallimarket.com\/wp-content\/uploads\/2023\/04\/IMG_3648-scaled-e1682009293221.jpg","datePublished":"2023-04-20T16:33:16+00:00","dateModified":"2026-02-28T19:54:04+00:00","breadcrumb":{"@id":"https:\/\/zenkallimarket.com\/product\/mami-y-papi-trabajan-mommy-daddy-work\/#breadcrumb"},"inLanguage":"es","potentialAction":[{"@type":"ReadAction","target":["https:\/\/zenkallimarket.com\/product\/mami-y-papi-trabajan-mommy-daddy-work\/"]}]},{"@type":"ImageObject","inLanguage":"es","@id":"https:\/\/zenkallimarket.com\/product\/mami-y-papi-trabajan-mommy-daddy-work\/#primaryimage","url":"https:\/\/zenkallimarket.com\/wp-content\/uploads\/2023\/04\/IMG_3648-scaled-e1682009293221.jpg","contentUrl":"https:\/\/zenkallimarket.com\/wp-content\/uploads\/2023\/04\/IMG_3648-scaled-e1682009293221.jpg","width":2560,"height":2362,"caption":"Mami Y Papi Trabajan - Mommy & Daddy Work"},{"@type":"BreadcrumbList","@id":"https:\/\/zenkallimarket.com\/product\/mami-y-papi-trabajan-mommy-daddy-work\/#breadcrumb","itemListElement":[{"@type":"ListItem","position":1,"name":"Home","item":"http:\/\/box5865.temp.domains\/~zenkalli\/"},{"@type":"ListItem","position":2,"name":"Shop","item":"https:\/\/zenkallimarket.com\/shop\/"},{"@type":"ListItem","position":3,"name":"Mami y Papi Trabajan &#8211; Mommy &amp; Daddy Work"}]},{"@type":"WebSite","@id":"http:\/\/box5865.temp.domains\/~zenkalli\/#website","url":"http:\/\/box5865.temp.domains\/~zenkalli\/","name":"","description":"\u00a1Haga clic en el bot\u00f3n para obtener m\u00e1s informaci\u00f3n sobre nuestro fondo de becas Zenkalli!","publisher":{"@id":"http:\/\/box5865.temp.domains\/~zenkalli\/#\/schema\/person\/94f75443f40b74614098adcef273f1c7"},"potentialAction":[{"@type":"SearchAction","target":{"@type":"EntryPoint","urlTemplate":"http:\/\/box5865.temp.domains\/~zenkalli\/?s={search_term_string}"},"query-input":{"@type":"PropertyValueSpecification","valueRequired":true,"valueName":"search_term_string"}}],"inLanguage":"es"},{"@type":["Person","Organization"],"@id":"http:\/\/box5865.temp.domains\/~zenkalli\/#\/schema\/person\/94f75443f40b74614098adcef273f1c7","name":"Tonalmitl Valencia","image":{"@type":"ImageObject","inLanguage":"es","@id":"https:\/\/zenkallimarket.com\/wp-content\/uploads\/2025\/01\/zenkalli-market-scaled.png","url":"https:\/\/zenkallimarket.com\/wp-content\/uploads\/2025\/01\/zenkalli-market-scaled.png","contentUrl":"https:\/\/zenkallimarket.com\/wp-content\/uploads\/2025\/01\/zenkalli-market-scaled.png","width":2560,"height":2560,"caption":"Tonalmitl Valencia"},"logo":{"@id":"https:\/\/zenkallimarket.com\/wp-content\/uploads\/2025\/01\/zenkalli-market-scaled.png"},"sameAs":["https:\/\/zenkallimarket.com","https:\/\/instagram.com\/zenkallimarket?igshid=YmMyMTA2M2Y=","https:\/\/www.youtube.com\/@jwitchytv"]}]}},"_links":{"self":[{"href":"https:\/\/zenkallimarket.com\/es\/wp-json\/wp\/v2\/product\/136","targetHints":{"allow":["GET"]}}],"collection":[{"href":"https:\/\/zenkallimarket.com\/es\/wp-json\/wp\/v2\/product"}],"about":[{"href":"https:\/\/zenkallimarket.com\/es\/wp-json\/wp\/v2\/types\/product"}],"replies":[{"embeddable":true,"href":"https:\/\/zenkallimarket.com\/es\/wp-json\/wp\/v2\/comments?post=136"}],"wp:featuredmedia":[{"embeddable":true,"href":"https:\/\/zenkallimarket.com\/es\/wp-json\/wp\/v2\/media\/135"}],"wp:attachment":[{"href":"https:\/\/zenkallimarket.com\/es\/wp-json\/wp\/v2\/media?parent=136"}],"wp:term":[{"taxonomy":"product_brand","embeddable":true,"href":"https:\/\/zenkallimarket.com\/es\/wp-json\/wp\/v2\/product_brand?post=136"},{"taxonomy":"product_cat","embeddable":true,"href":"https:\/\/zenkallimarket.com\/es\/wp-json\/wp\/v2\/product_cat?post=136"},{"taxonomy":"product_tag","embeddable":true,"href":"https:\/\/zenkallimarket.com\/es\/wp-json\/wp\/v2\/product_tag?post=136"},{"taxonomy":"giftcard-category","embeddable":true,"href":"https:\/\/zenkallimarket.com\/es\/wp-json\/wp\/v2\/giftcard-category?post=136"}],"curies":[{"name":"wp","href":"https:\/\/api.w.org\/{rel}","templated":true}]}}