{"id":436,"date":"2025-11-28T01:34:16","date_gmt":"2025-11-28T01:34:16","guid":{"rendered":"https:\/\/zenkallimarket.com\/?post_type=product&#038;p=436"},"modified":"2025-11-28T03:35:25","modified_gmt":"2025-11-28T03:35:25","slug":"stone-necklace-3","status":"publish","type":"product","link":"https:\/\/zenkallimarket.com\/es\/producto\/stone-necklace-3\/","title":{"rendered":"Stone Necklace"},"content":{"rendered":"<p>Grey Pyrite Pendant 2 Inches<\/p>","protected":false},"excerpt":{"rendered":"<p><img loading=\"lazy\" decoding=\"async\" class=\"alignnone size-medium wp-image-445\" src=\"https:\/\/zenkallimarket.com\/wp-content\/uploads\/2025\/11\/IMG_0149-1-225x300.jpg\" alt=\"\" width=\"225\" height=\"300\" srcset=\"https:\/\/zenkallimarket.com\/wp-content\/uploads\/2025\/11\/IMG_0149-1-225x300.jpg 225w, https:\/\/zenkallimarket.com\/wp-content\/uploads\/2025\/11\/IMG_0149-1-scaled-200x267.jpg 200w, https:\/\/zenkallimarket.com\/wp-content\/uploads\/2025\/11\/IMG_0149-1-scaled-500x667.jpg 500w, https:\/\/zenkallimarket.com\/wp-content\/uploads\/2025\/11\/IMG_0149-1-768x1024.jpg 768w, https:\/\/zenkallimarket.com\/wp-content\/uploads\/2025\/11\/IMG_0149-1-1152x1536.jpg 1152w, https:\/\/zenkallimarket.com\/wp-content\/uploads\/2025\/11\/IMG_0149-1-1536x2048.jpg 1536w, https:\/\/zenkallimarket.com\/wp-content\/uploads\/2025\/11\/IMG_0149-1-9x12.jpg 9w, https:\/\/zenkallimarket.com\/wp-content\/uploads\/2025\/11\/IMG_0149-1-scaled.jpg 1920w\" sizes=\"auto, (max-width: 225px) 100vw, 225px\" \/><\/p>","protected":false},"featured_media":437,"comment_status":"open","ping_status":"closed","template":"","meta":{"nf_dc_page":"","om_disable_all_campaigns":false,"_monsterinsights_skip_tracking":false,"_monsterinsights_sitenote_active":false,"_monsterinsights_sitenote_note":"","_monsterinsights_sitenote_category":0},"product_brand":[],"product_cat":[70],"product_tag":[],"giftcard-category":[],"class_list":{"0":"post-436","1":"product","2":"type-product","3":"status-publish","4":"has-post-thumbnail","6":"product_cat-stone-necklaces","8":"first","9":"instock","10":"sold-individually","11":"taxable","12":"shipping-taxable","13":"purchasable","14":"product-type-simple"},"yoast_head":"<!-- This site is optimized with the Yoast SEO plugin v27.4 - https:\/\/yoast.com\/product\/yoast-seo-wordpress\/ -->\n<title>Stone Necklace -<\/title>\n<meta name=\"robots\" content=\"index, follow, max-snippet:-1, max-image-preview:large, max-video-preview:-1\" \/>\n<link rel=\"canonical\" href=\"https:\/\/zenkallimarket.com\/es\/producto\/stone-necklace-3\/\" \/>\n<meta property=\"og:locale\" content=\"es_MX\" \/>\n<meta property=\"og:type\" content=\"article\" \/>\n<meta property=\"og:title\" content=\"Stone Necklace -\" \/>\n<meta property=\"og:url\" content=\"https:\/\/zenkallimarket.com\/es\/producto\/stone-necklace-3\/\" \/>\n<meta property=\"article:modified_time\" content=\"2025-11-28T03:35:25+00:00\" \/>\n<meta property=\"og:image\" content=\"https:\/\/zenkallimarket.com\/wp-content\/uploads\/2025\/05\/IMG_0148-scaled.jpg\" \/>\n\t<meta property=\"og:image:width\" content=\"1920\" \/>\n\t<meta property=\"og:image:height\" content=\"2560\" \/>\n\t<meta property=\"og:image:type\" content=\"image\/jpeg\" \/>\n<meta name=\"twitter:card\" content=\"summary_large_image\" \/>\n<meta name=\"twitter:label1\" content=\"Tiempo de lectura\" \/>\n\t<meta name=\"twitter:data1\" content=\"1 minuto\" \/>\n<script type=\"application\/ld+json\" class=\"yoast-schema-graph\">{\"@context\":\"https:\\\/\\\/schema.org\",\"@graph\":[{\"@type\":\"WebPage\",\"@id\":\"https:\\\/\\\/zenkallimarket.com\\\/product\\\/stone-necklace-3\\\/\",\"url\":\"https:\\\/\\\/zenkallimarket.com\\\/product\\\/stone-necklace-3\\\/\",\"name\":\"Stone Necklace -\",\"isPartOf\":{\"@id\":\"http:\\\/\\\/box5865.temp.domains\\\/~zenkalli\\\/#website\"},\"primaryImageOfPage\":{\"@id\":\"https:\\\/\\\/zenkallimarket.com\\\/product\\\/stone-necklace-3\\\/#primaryimage\"},\"image\":{\"@id\":\"https:\\\/\\\/zenkallimarket.com\\\/product\\\/stone-necklace-3\\\/#primaryimage\"},\"thumbnailUrl\":\"https:\\\/\\\/zenkallimarket.com\\\/wp-content\\\/uploads\\\/2025\\\/05\\\/IMG_0148-scaled.jpg\",\"datePublished\":\"2025-11-28T01:34:16+00:00\",\"dateModified\":\"2025-11-28T03:35:25+00:00\",\"breadcrumb\":{\"@id\":\"https:\\\/\\\/zenkallimarket.com\\\/product\\\/stone-necklace-3\\\/#breadcrumb\"},\"inLanguage\":\"es\",\"potentialAction\":[{\"@type\":\"ReadAction\",\"target\":[\"https:\\\/\\\/zenkallimarket.com\\\/product\\\/stone-necklace-3\\\/\"]}]},{\"@type\":\"ImageObject\",\"inLanguage\":\"es\",\"@id\":\"https:\\\/\\\/zenkallimarket.com\\\/product\\\/stone-necklace-3\\\/#primaryimage\",\"url\":\"https:\\\/\\\/zenkallimarket.com\\\/wp-content\\\/uploads\\\/2025\\\/05\\\/IMG_0148-scaled.jpg\",\"contentUrl\":\"https:\\\/\\\/zenkallimarket.com\\\/wp-content\\\/uploads\\\/2025\\\/05\\\/IMG_0148-scaled.jpg\",\"width\":1920,\"height\":2560},{\"@type\":\"BreadcrumbList\",\"@id\":\"https:\\\/\\\/zenkallimarket.com\\\/product\\\/stone-necklace-3\\\/#breadcrumb\",\"itemListElement\":[{\"@type\":\"ListItem\",\"position\":1,\"name\":\"Home\",\"item\":\"http:\\\/\\\/box5865.temp.domains\\\/~zenkalli\\\/\"},{\"@type\":\"ListItem\",\"position\":2,\"name\":\"Shop\",\"item\":\"https:\\\/\\\/zenkallimarket.com\\\/shop\\\/\"},{\"@type\":\"ListItem\",\"position\":3,\"name\":\"Stone Necklace\"}]},{\"@type\":\"WebSite\",\"@id\":\"http:\\\/\\\/box5865.temp.domains\\\/~zenkalli\\\/#website\",\"url\":\"http:\\\/\\\/box5865.temp.domains\\\/~zenkalli\\\/\",\"name\":\"\",\"description\":\"Click on the button for more information on our Zenkalli Scholarship fund!\",\"publisher\":{\"@id\":\"http:\\\/\\\/box5865.temp.domains\\\/~zenkalli\\\/#\\\/schema\\\/person\\\/94f75443f40b74614098adcef273f1c7\"},\"potentialAction\":[{\"@type\":\"SearchAction\",\"target\":{\"@type\":\"EntryPoint\",\"urlTemplate\":\"http:\\\/\\\/box5865.temp.domains\\\/~zenkalli\\\/?s={search_term_string}\"},\"query-input\":{\"@type\":\"PropertyValueSpecification\",\"valueRequired\":true,\"valueName\":\"search_term_string\"}}],\"inLanguage\":\"es\"},{\"@type\":[\"Person\",\"Organization\"],\"@id\":\"http:\\\/\\\/box5865.temp.domains\\\/~zenkalli\\\/#\\\/schema\\\/person\\\/94f75443f40b74614098adcef273f1c7\",\"name\":\"Tonalmitl Valencia\",\"image\":{\"@type\":\"ImageObject\",\"inLanguage\":\"es\",\"@id\":\"https:\\\/\\\/zenkallimarket.com\\\/wp-content\\\/uploads\\\/2025\\\/01\\\/zenkalli-market-scaled.png\",\"url\":\"https:\\\/\\\/zenkallimarket.com\\\/wp-content\\\/uploads\\\/2025\\\/01\\\/zenkalli-market-scaled.png\",\"contentUrl\":\"https:\\\/\\\/zenkallimarket.com\\\/wp-content\\\/uploads\\\/2025\\\/01\\\/zenkalli-market-scaled.png\",\"width\":2560,\"height\":2560,\"caption\":\"Tonalmitl Valencia\"},\"logo\":{\"@id\":\"https:\\\/\\\/zenkallimarket.com\\\/wp-content\\\/uploads\\\/2025\\\/01\\\/zenkalli-market-scaled.png\"},\"sameAs\":[\"https:\\\/\\\/zenkallimarket.com\",\"https:\\\/\\\/instagram.com\\\/zenkallimarket?igshid=YmMyMTA2M2Y=\",\"https:\\\/\\\/www.youtube.com\\\/@jwitchytv\"]}]}<\/script>\n<!-- \/ Yoast SEO plugin. -->","yoast_head_json":{"title":"Stone Necklace -","robots":{"index":"index","follow":"follow","max-snippet":"max-snippet:-1","max-image-preview":"max-image-preview:large","max-video-preview":"max-video-preview:-1"},"canonical":"https:\/\/zenkallimarket.com\/es\/producto\/stone-necklace-3\/","og_locale":"es_MX","og_type":"article","og_title":"Stone Necklace -","og_url":"https:\/\/zenkallimarket.com\/es\/producto\/stone-necklace-3\/","article_modified_time":"2025-11-28T03:35:25+00:00","og_image":[{"width":1920,"height":2560,"url":"https:\/\/zenkallimarket.com\/wp-content\/uploads\/2025\/05\/IMG_0148-scaled.jpg","type":"image\/jpeg"}],"twitter_card":"summary_large_image","twitter_misc":{"Tiempo de lectura":"1 minuto"},"schema":{"@context":"https:\/\/schema.org","@graph":[{"@type":"WebPage","@id":"https:\/\/zenkallimarket.com\/product\/stone-necklace-3\/","url":"https:\/\/zenkallimarket.com\/product\/stone-necklace-3\/","name":"Stone Necklace -","isPartOf":{"@id":"http:\/\/box5865.temp.domains\/~zenkalli\/#website"},"primaryImageOfPage":{"@id":"https:\/\/zenkallimarket.com\/product\/stone-necklace-3\/#primaryimage"},"image":{"@id":"https:\/\/zenkallimarket.com\/product\/stone-necklace-3\/#primaryimage"},"thumbnailUrl":"https:\/\/zenkallimarket.com\/wp-content\/uploads\/2025\/05\/IMG_0148-scaled.jpg","datePublished":"2025-11-28T01:34:16+00:00","dateModified":"2025-11-28T03:35:25+00:00","breadcrumb":{"@id":"https:\/\/zenkallimarket.com\/product\/stone-necklace-3\/#breadcrumb"},"inLanguage":"es","potentialAction":[{"@type":"ReadAction","target":["https:\/\/zenkallimarket.com\/product\/stone-necklace-3\/"]}]},{"@type":"ImageObject","inLanguage":"es","@id":"https:\/\/zenkallimarket.com\/product\/stone-necklace-3\/#primaryimage","url":"https:\/\/zenkallimarket.com\/wp-content\/uploads\/2025\/05\/IMG_0148-scaled.jpg","contentUrl":"https:\/\/zenkallimarket.com\/wp-content\/uploads\/2025\/05\/IMG_0148-scaled.jpg","width":1920,"height":2560},{"@type":"BreadcrumbList","@id":"https:\/\/zenkallimarket.com\/product\/stone-necklace-3\/#breadcrumb","itemListElement":[{"@type":"ListItem","position":1,"name":"Home","item":"http:\/\/box5865.temp.domains\/~zenkalli\/"},{"@type":"ListItem","position":2,"name":"Shop","item":"https:\/\/zenkallimarket.com\/shop\/"},{"@type":"ListItem","position":3,"name":"Stone Necklace"}]},{"@type":"WebSite","@id":"http:\/\/box5865.temp.domains\/~zenkalli\/#website","url":"http:\/\/box5865.temp.domains\/~zenkalli\/","name":"","description":"\u00a1Haga clic en el bot\u00f3n para obtener m\u00e1s informaci\u00f3n sobre nuestro fondo de becas Zenkalli!","publisher":{"@id":"http:\/\/box5865.temp.domains\/~zenkalli\/#\/schema\/person\/94f75443f40b74614098adcef273f1c7"},"potentialAction":[{"@type":"SearchAction","target":{"@type":"EntryPoint","urlTemplate":"http:\/\/box5865.temp.domains\/~zenkalli\/?s={search_term_string}"},"query-input":{"@type":"PropertyValueSpecification","valueRequired":true,"valueName":"search_term_string"}}],"inLanguage":"es"},{"@type":["Person","Organization"],"@id":"http:\/\/box5865.temp.domains\/~zenkalli\/#\/schema\/person\/94f75443f40b74614098adcef273f1c7","name":"Tonalmitl Valencia","image":{"@type":"ImageObject","inLanguage":"es","@id":"https:\/\/zenkallimarket.com\/wp-content\/uploads\/2025\/01\/zenkalli-market-scaled.png","url":"https:\/\/zenkallimarket.com\/wp-content\/uploads\/2025\/01\/zenkalli-market-scaled.png","contentUrl":"https:\/\/zenkallimarket.com\/wp-content\/uploads\/2025\/01\/zenkalli-market-scaled.png","width":2560,"height":2560,"caption":"Tonalmitl Valencia"},"logo":{"@id":"https:\/\/zenkallimarket.com\/wp-content\/uploads\/2025\/01\/zenkalli-market-scaled.png"},"sameAs":["https:\/\/zenkallimarket.com","https:\/\/instagram.com\/zenkallimarket?igshid=YmMyMTA2M2Y=","https:\/\/www.youtube.com\/@jwitchytv"]}]}},"_links":{"self":[{"href":"https:\/\/zenkallimarket.com\/es\/wp-json\/wp\/v2\/product\/436","targetHints":{"allow":["GET"]}}],"collection":[{"href":"https:\/\/zenkallimarket.com\/es\/wp-json\/wp\/v2\/product"}],"about":[{"href":"https:\/\/zenkallimarket.com\/es\/wp-json\/wp\/v2\/types\/product"}],"replies":[{"embeddable":true,"href":"https:\/\/zenkallimarket.com\/es\/wp-json\/wp\/v2\/comments?post=436"}],"wp:featuredmedia":[{"embeddable":true,"href":"https:\/\/zenkallimarket.com\/es\/wp-json\/wp\/v2\/media\/437"}],"wp:attachment":[{"href":"https:\/\/zenkallimarket.com\/es\/wp-json\/wp\/v2\/media?parent=436"}],"wp:term":[{"taxonomy":"product_brand","embeddable":true,"href":"https:\/\/zenkallimarket.com\/es\/wp-json\/wp\/v2\/product_brand?post=436"},{"taxonomy":"product_cat","embeddable":true,"href":"https:\/\/zenkallimarket.com\/es\/wp-json\/wp\/v2\/product_cat?post=436"},{"taxonomy":"product_tag","embeddable":true,"href":"https:\/\/zenkallimarket.com\/es\/wp-json\/wp\/v2\/product_tag?post=436"},{"taxonomy":"giftcard-category","embeddable":true,"href":"https:\/\/zenkallimarket.com\/es\/wp-json\/wp\/v2\/giftcard-category?post=436"}],"curies":[{"name":"wp","href":"https:\/\/api.w.org\/{rel}","templated":true}]}}