{"id":481,"date":"2025-11-28T03:18:54","date_gmt":"2025-11-28T03:18:54","guid":{"rendered":"https:\/\/zenkallimarket.com\/product\/crystal-sprial-chocker-3\/"},"modified":"2025-11-28T03:33:30","modified_gmt":"2025-11-28T03:33:30","slug":"crystal-sprial-chocker-3","status":"publish","type":"product","link":"https:\/\/zenkallimarket.com\/es\/producto\/crystal-sprial-chocker-3\/","title":{"rendered":"Collar Necklace"},"content":{"rendered":"<p><span style=\"font-size: 11pt;font-family: Calibri,Arial;font-style: normal\" data-sheets-root=\"1\">Pink &amp; White Handmade Beaded Collar Necklace 15 Inches<\/span><\/p>","protected":false},"excerpt":{"rendered":"<p>Pink &amp; White Handmade Beaded Collar Necklace 15 Inches<\/p>","protected":false},"featured_media":480,"comment_status":"open","ping_status":"closed","template":"","meta":{"nf_dc_page":"","om_disable_all_campaigns":false,"_monsterinsights_skip_tracking":false,"_monsterinsights_sitenote_active":false,"_monsterinsights_sitenote_note":"","_monsterinsights_sitenote_category":0},"product_brand":[],"product_cat":[68],"product_tag":[],"giftcard-category":[],"class_list":{"0":"post-481","1":"product","2":"type-product","3":"status-publish","4":"has-post-thumbnail","6":"product_cat-beaded-necklaces","8":"first","9":"instock","10":"sold-individually","11":"taxable","12":"shipping-taxable","13":"purchasable","14":"product-type-simple"},"yoast_head":"<!-- This site is optimized with the Yoast SEO plugin v27.4 - https:\/\/yoast.com\/product\/yoast-seo-wordpress\/ -->\n<title>Collar Necklace -<\/title>\n<meta name=\"robots\" content=\"index, follow, max-snippet:-1, max-image-preview:large, max-video-preview:-1\" \/>\n<link rel=\"canonical\" href=\"https:\/\/zenkallimarket.com\/es\/producto\/crystal-sprial-chocker-3\/\" \/>\n<meta property=\"og:locale\" content=\"es_MX\" \/>\n<meta property=\"og:type\" content=\"article\" \/>\n<meta property=\"og:title\" content=\"Collar Necklace -\" \/>\n<meta property=\"og:description\" content=\"Pink &amp; White Handmade Beaded Collar Necklace 15 Inches\" \/>\n<meta property=\"og:url\" content=\"https:\/\/zenkallimarket.com\/es\/producto\/crystal-sprial-chocker-3\/\" \/>\n<meta property=\"article:modified_time\" content=\"2025-11-28T03:33:30+00:00\" \/>\n<meta property=\"og:image\" content=\"https:\/\/zenkallimarket.com\/wp-content\/uploads\/2025\/11\/img_5095.jpeg\" \/>\n\t<meta property=\"og:image:width\" content=\"828\" \/>\n\t<meta property=\"og:image:height\" content=\"876\" \/>\n\t<meta property=\"og:image:type\" content=\"image\/jpeg\" \/>\n<meta name=\"twitter:card\" content=\"summary_large_image\" \/>\n<script type=\"application\/ld+json\" class=\"yoast-schema-graph\">{\"@context\":\"https:\\\/\\\/schema.org\",\"@graph\":[{\"@type\":\"WebPage\",\"@id\":\"https:\\\/\\\/zenkallimarket.com\\\/product\\\/crystal-sprial-chocker-3\\\/\",\"url\":\"https:\\\/\\\/zenkallimarket.com\\\/product\\\/crystal-sprial-chocker-3\\\/\",\"name\":\"Collar Necklace -\",\"isPartOf\":{\"@id\":\"http:\\\/\\\/box5865.temp.domains\\\/~zenkalli\\\/#website\"},\"primaryImageOfPage\":{\"@id\":\"https:\\\/\\\/zenkallimarket.com\\\/product\\\/crystal-sprial-chocker-3\\\/#primaryimage\"},\"image\":{\"@id\":\"https:\\\/\\\/zenkallimarket.com\\\/product\\\/crystal-sprial-chocker-3\\\/#primaryimage\"},\"thumbnailUrl\":\"https:\\\/\\\/zenkallimarket.com\\\/wp-content\\\/uploads\\\/2025\\\/11\\\/img_5095.jpeg\",\"datePublished\":\"2025-11-28T03:18:54+00:00\",\"dateModified\":\"2025-11-28T03:33:30+00:00\",\"breadcrumb\":{\"@id\":\"https:\\\/\\\/zenkallimarket.com\\\/product\\\/crystal-sprial-chocker-3\\\/#breadcrumb\"},\"inLanguage\":\"es\",\"potentialAction\":[{\"@type\":\"ReadAction\",\"target\":[\"https:\\\/\\\/zenkallimarket.com\\\/product\\\/crystal-sprial-chocker-3\\\/\"]}]},{\"@type\":\"ImageObject\",\"inLanguage\":\"es\",\"@id\":\"https:\\\/\\\/zenkallimarket.com\\\/product\\\/crystal-sprial-chocker-3\\\/#primaryimage\",\"url\":\"https:\\\/\\\/zenkallimarket.com\\\/wp-content\\\/uploads\\\/2025\\\/11\\\/img_5095.jpeg\",\"contentUrl\":\"https:\\\/\\\/zenkallimarket.com\\\/wp-content\\\/uploads\\\/2025\\\/11\\\/img_5095.jpeg\",\"width\":828,\"height\":876},{\"@type\":\"BreadcrumbList\",\"@id\":\"https:\\\/\\\/zenkallimarket.com\\\/product\\\/crystal-sprial-chocker-3\\\/#breadcrumb\",\"itemListElement\":[{\"@type\":\"ListItem\",\"position\":1,\"name\":\"Home\",\"item\":\"http:\\\/\\\/box5865.temp.domains\\\/~zenkalli\\\/\"},{\"@type\":\"ListItem\",\"position\":2,\"name\":\"Shop\",\"item\":\"https:\\\/\\\/zenkallimarket.com\\\/shop\\\/\"},{\"@type\":\"ListItem\",\"position\":3,\"name\":\"Collar Necklace\"}]},{\"@type\":\"WebSite\",\"@id\":\"http:\\\/\\\/box5865.temp.domains\\\/~zenkalli\\\/#website\",\"url\":\"http:\\\/\\\/box5865.temp.domains\\\/~zenkalli\\\/\",\"name\":\"\",\"description\":\"Click on the button for more information on our Zenkalli Scholarship fund!\",\"publisher\":{\"@id\":\"http:\\\/\\\/box5865.temp.domains\\\/~zenkalli\\\/#\\\/schema\\\/person\\\/94f75443f40b74614098adcef273f1c7\"},\"potentialAction\":[{\"@type\":\"SearchAction\",\"target\":{\"@type\":\"EntryPoint\",\"urlTemplate\":\"http:\\\/\\\/box5865.temp.domains\\\/~zenkalli\\\/?s={search_term_string}\"},\"query-input\":{\"@type\":\"PropertyValueSpecification\",\"valueRequired\":true,\"valueName\":\"search_term_string\"}}],\"inLanguage\":\"es\"},{\"@type\":[\"Person\",\"Organization\"],\"@id\":\"http:\\\/\\\/box5865.temp.domains\\\/~zenkalli\\\/#\\\/schema\\\/person\\\/94f75443f40b74614098adcef273f1c7\",\"name\":\"Tonalmitl Valencia\",\"image\":{\"@type\":\"ImageObject\",\"inLanguage\":\"es\",\"@id\":\"https:\\\/\\\/zenkallimarket.com\\\/wp-content\\\/uploads\\\/2025\\\/01\\\/zenkalli-market-scaled.png\",\"url\":\"https:\\\/\\\/zenkallimarket.com\\\/wp-content\\\/uploads\\\/2025\\\/01\\\/zenkalli-market-scaled.png\",\"contentUrl\":\"https:\\\/\\\/zenkallimarket.com\\\/wp-content\\\/uploads\\\/2025\\\/01\\\/zenkalli-market-scaled.png\",\"width\":2560,\"height\":2560,\"caption\":\"Tonalmitl Valencia\"},\"logo\":{\"@id\":\"https:\\\/\\\/zenkallimarket.com\\\/wp-content\\\/uploads\\\/2025\\\/01\\\/zenkalli-market-scaled.png\"},\"sameAs\":[\"https:\\\/\\\/zenkallimarket.com\",\"https:\\\/\\\/instagram.com\\\/zenkallimarket?igshid=YmMyMTA2M2Y=\",\"https:\\\/\\\/www.youtube.com\\\/@jwitchytv\"]}]}<\/script>\n<!-- \/ Yoast SEO plugin. -->","yoast_head_json":{"title":"Collar Necklace -","robots":{"index":"index","follow":"follow","max-snippet":"max-snippet:-1","max-image-preview":"max-image-preview:large","max-video-preview":"max-video-preview:-1"},"canonical":"https:\/\/zenkallimarket.com\/es\/producto\/crystal-sprial-chocker-3\/","og_locale":"es_MX","og_type":"article","og_title":"Collar Necklace -","og_description":"Pink &amp; White Handmade Beaded Collar Necklace 15 Inches","og_url":"https:\/\/zenkallimarket.com\/es\/producto\/crystal-sprial-chocker-3\/","article_modified_time":"2025-11-28T03:33:30+00:00","og_image":[{"width":828,"height":876,"url":"https:\/\/zenkallimarket.com\/wp-content\/uploads\/2025\/11\/img_5095.jpeg","type":"image\/jpeg"}],"twitter_card":"summary_large_image","schema":{"@context":"https:\/\/schema.org","@graph":[{"@type":"WebPage","@id":"https:\/\/zenkallimarket.com\/product\/crystal-sprial-chocker-3\/","url":"https:\/\/zenkallimarket.com\/product\/crystal-sprial-chocker-3\/","name":"Collar Necklace -","isPartOf":{"@id":"http:\/\/box5865.temp.domains\/~zenkalli\/#website"},"primaryImageOfPage":{"@id":"https:\/\/zenkallimarket.com\/product\/crystal-sprial-chocker-3\/#primaryimage"},"image":{"@id":"https:\/\/zenkallimarket.com\/product\/crystal-sprial-chocker-3\/#primaryimage"},"thumbnailUrl":"https:\/\/zenkallimarket.com\/wp-content\/uploads\/2025\/11\/img_5095.jpeg","datePublished":"2025-11-28T03:18:54+00:00","dateModified":"2025-11-28T03:33:30+00:00","breadcrumb":{"@id":"https:\/\/zenkallimarket.com\/product\/crystal-sprial-chocker-3\/#breadcrumb"},"inLanguage":"es","potentialAction":[{"@type":"ReadAction","target":["https:\/\/zenkallimarket.com\/product\/crystal-sprial-chocker-3\/"]}]},{"@type":"ImageObject","inLanguage":"es","@id":"https:\/\/zenkallimarket.com\/product\/crystal-sprial-chocker-3\/#primaryimage","url":"https:\/\/zenkallimarket.com\/wp-content\/uploads\/2025\/11\/img_5095.jpeg","contentUrl":"https:\/\/zenkallimarket.com\/wp-content\/uploads\/2025\/11\/img_5095.jpeg","width":828,"height":876},{"@type":"BreadcrumbList","@id":"https:\/\/zenkallimarket.com\/product\/crystal-sprial-chocker-3\/#breadcrumb","itemListElement":[{"@type":"ListItem","position":1,"name":"Home","item":"http:\/\/box5865.temp.domains\/~zenkalli\/"},{"@type":"ListItem","position":2,"name":"Shop","item":"https:\/\/zenkallimarket.com\/shop\/"},{"@type":"ListItem","position":3,"name":"Collar Necklace"}]},{"@type":"WebSite","@id":"http:\/\/box5865.temp.domains\/~zenkalli\/#website","url":"http:\/\/box5865.temp.domains\/~zenkalli\/","name":"","description":"\u00a1Haga clic en el bot\u00f3n para obtener m\u00e1s informaci\u00f3n sobre nuestro fondo de becas Zenkalli!","publisher":{"@id":"http:\/\/box5865.temp.domains\/~zenkalli\/#\/schema\/person\/94f75443f40b74614098adcef273f1c7"},"potentialAction":[{"@type":"SearchAction","target":{"@type":"EntryPoint","urlTemplate":"http:\/\/box5865.temp.domains\/~zenkalli\/?s={search_term_string}"},"query-input":{"@type":"PropertyValueSpecification","valueRequired":true,"valueName":"search_term_string"}}],"inLanguage":"es"},{"@type":["Person","Organization"],"@id":"http:\/\/box5865.temp.domains\/~zenkalli\/#\/schema\/person\/94f75443f40b74614098adcef273f1c7","name":"Tonalmitl Valencia","image":{"@type":"ImageObject","inLanguage":"es","@id":"https:\/\/zenkallimarket.com\/wp-content\/uploads\/2025\/01\/zenkalli-market-scaled.png","url":"https:\/\/zenkallimarket.com\/wp-content\/uploads\/2025\/01\/zenkalli-market-scaled.png","contentUrl":"https:\/\/zenkallimarket.com\/wp-content\/uploads\/2025\/01\/zenkalli-market-scaled.png","width":2560,"height":2560,"caption":"Tonalmitl Valencia"},"logo":{"@id":"https:\/\/zenkallimarket.com\/wp-content\/uploads\/2025\/01\/zenkalli-market-scaled.png"},"sameAs":["https:\/\/zenkallimarket.com","https:\/\/instagram.com\/zenkallimarket?igshid=YmMyMTA2M2Y=","https:\/\/www.youtube.com\/@jwitchytv"]}]}},"_links":{"self":[{"href":"https:\/\/zenkallimarket.com\/es\/wp-json\/wp\/v2\/product\/481","targetHints":{"allow":["GET"]}}],"collection":[{"href":"https:\/\/zenkallimarket.com\/es\/wp-json\/wp\/v2\/product"}],"about":[{"href":"https:\/\/zenkallimarket.com\/es\/wp-json\/wp\/v2\/types\/product"}],"replies":[{"embeddable":true,"href":"https:\/\/zenkallimarket.com\/es\/wp-json\/wp\/v2\/comments?post=481"}],"wp:featuredmedia":[{"embeddable":true,"href":"https:\/\/zenkallimarket.com\/es\/wp-json\/wp\/v2\/media\/480"}],"wp:attachment":[{"href":"https:\/\/zenkallimarket.com\/es\/wp-json\/wp\/v2\/media?parent=481"}],"wp:term":[{"taxonomy":"product_brand","embeddable":true,"href":"https:\/\/zenkallimarket.com\/es\/wp-json\/wp\/v2\/product_brand?post=481"},{"taxonomy":"product_cat","embeddable":true,"href":"https:\/\/zenkallimarket.com\/es\/wp-json\/wp\/v2\/product_cat?post=481"},{"taxonomy":"product_tag","embeddable":true,"href":"https:\/\/zenkallimarket.com\/es\/wp-json\/wp\/v2\/product_tag?post=481"},{"taxonomy":"giftcard-category","embeddable":true,"href":"https:\/\/zenkallimarket.com\/es\/wp-json\/wp\/v2\/giftcard-category?post=481"}],"curies":[{"name":"wp","href":"https:\/\/api.w.org\/{rel}","templated":true}]}}